{"id":8182,"date":"2024-02-01T20:58:40","date_gmt":"2024-02-01T19:58:40","guid":{"rendered":"https:\/\/traduccioneinterpretacion.org\/?page_id=8182"},"modified":"2024-04-15T17:00:42","modified_gmt":"2024-04-15T15:00:42","slug":"communications","status":"publish","type":"page","link":"https:\/\/traduccioneinterpretacion.org\/fr\/congres2024\/programme\/communications\/","title":{"rendered":"Communications"},"content":{"rendered":"<div aria-label=\"Est\u00e1 aqu\u00ed.\" role=\"navigation\" class=\"yoast-breadcrumbs\"><span><span><a href=\"https:\/\/traduccioneinterpretacion.org\/fr\/congres2024\/\">Accueil<\/a><\/span> \u00bb <span><a href=\"https:\/\/traduccioneinterpretacion.org\/fr\/congres2024\/programme\/\">Programme<\/a><\/span> \u00bb <span class=\"breadcrumb_last\" aria-current=\"page\"><strong>Communications<\/strong><\/span><\/span><\/div>\n\n\n<h2 class=\"wp-block-heading\">Toutes les s\u00e9ances<\/h2>\n\n\n\n<p class=\"is-style-info wp-block-paragraph\"><strong><a href=\"https:\/\/drive.google.com\/open?id=1hKHuV446vxpG0Qf59I9P7-wX-ZYO5uSH&amp;usp=drive_fs\">S\u00e9ances de communications et panels sp\u00e9ciaux<\/a><\/strong> (PDF, mise \u00e0 jour le 15\/04\/2024)<\/p>\n\n\n\n<p class=\"is-style-success wp-block-paragraph\"><strong><a href=\"https:\/\/traduccioneinterpretacion.org\/wp-content\/uploads\/2024\/04\/II-Congreso-TSC-Abstracts.pdf\">Cahier de r\u00e9sum\u00e9s (PDF)<\/a><\/strong><\/p>\n\n\n\n<h2 class=\"wp-block-heading\">S\u00e9ance par s\u00e9ance<\/h2>\n\n\n\n<h3 class=\"wp-block-heading\">Mercredi 17<\/h3>\n\n\n\n<ul class=\"wp-block-list\">\n<li><a href=\"https:\/\/drive.google.com\/open?id=1oqNlYWjZivi7GmmmpulkR2XGUaJyE9_p&amp;usp=drive_fs\">S\u00e9ance 1 (10h30)<\/a><\/li>\n\n\n\n<li><a href=\"https:\/\/drive.google.com\/open?id=1oujCtQ-b3-ZNUe3UDd3GEqaML4V1IM5x&amp;usp=drive_fs\">S\u00e9ance 2 (13h30)<\/a><\/li>\n\n\n\n<li><a href=\"https:\/\/drive.google.com\/open?id=1h8AjBSURRoohnVQNHrzn-muzPja3Xm11&amp;usp=drive_fs\">S\u00e9ance 3 (16h45)<\/a><\/li>\n\n\n\n<li><a href=\"https:\/\/drive.google.com\/open?id=1p-gP4HILUF7jxDg4z8tskdtvKt1D3TmK&amp;usp=drive_fs\">S\u00e9ance 4 (19h35)<\/a><\/li>\n<\/ul>\n\n\n\n<h3 class=\"wp-block-heading\">Jeudi 18<\/h3>\n\n\n\n<ul class=\"wp-block-list\">\n<li><a href=\"https:\/\/drive.google.com\/open?id=1raE9RY4VUn3paluOU-svYWej-XZIw79t&amp;usp=drive_fs\">S\u00e9ance 5 (10h00)<\/a><\/li>\n\n\n\n<li><a href=\"https:\/\/drive.google.com\/open?id=1p6VXqzOol0unuYRQQg-xkd_8PmlciTxc&amp;usp=drive_fs\">S\u00e9ance 6 (13h00)<\/a><\/li>\n\n\n\n<li><a href=\"https:\/\/drive.google.com\/open?id=1pAgR4qkhZENrG10X7hbA9NhrLiW_ky1J&amp;usp=drive_fs\">S\u00e9ance 7 (16h30)<\/a><\/li>\n\n\n\n<li><a href=\"https:\/\/drive.google.com\/open?id=1h8fkxE8ATXuFKmJrTeSTh6bTZ3u5Ih4e&amp;usp=drive_fs\">S\u00e9ance 8 (19h20)<\/a><\/li>\n<\/ul>\n\n\n\n<h3 class=\"wp-block-heading\">Vendredi 19<\/h3>\n\n\n\n<ul class=\"wp-block-list\">\n<li><a href=\"https:\/\/drive.google.com\/open?id=1pSs7-qcsKtW-d0034jj2RZx-sLT24mvS&amp;usp=drive_fs\">S\u00e9ance 9 (10h00)<\/a><\/li>\n<\/ul>\n","protected":false},"excerpt":{"rendered":"<p>Toutes les s\u00e9ances S\u00e9ances de communications et panels sp\u00e9ciaux (PDF, mise \u00e0 jour le 15\/04\/2024) Cahier de r\u00e9sum\u00e9s (PDF) S\u00e9ance par s\u00e9ance Mercredi 17 Jeudi 18 Vendredi 19<\/p>\n","protected":false},"author":53973552,"featured_media":0,"parent":5161,"menu_order":3,"comment_status":"closed","ping_status":"closed","template":"","meta":{"_coblocks_attr":"","_coblocks_dimensions":"","_coblocks_responsive_height":"","_coblocks_accordion_ie_support":"","_crdt_document":"","footnotes":""},"categories":[730665693],"tags":[730665681],"class_list":["post-8182","page","type-page","status-publish","hentry","category-congreso2024","tag-congreso2024"],"yoast_head":"<!-- This site is optimized with the Yoast SEO plugin v27.6 - https:\/\/yoast.com\/product\/yoast-seo-wordpress\/ -->\n<title>Communications | Congr\u00e8s de Traduction Salamanca 2024<\/title>\n<meta name=\"robots\" content=\"index, follow, max-snippet:-1, max-image-preview:large, max-video-preview:-1\" \/>\n<link rel=\"canonical\" href=\"https:\/\/traduccioneinterpretacion.org\/fr\/congres2024\/programme\/communications\/\" \/>\n<meta property=\"og:locale\" content=\"fr_FR\" \/>\n<meta property=\"og:type\" content=\"article\" \/>\n<meta property=\"og:title\" content=\"Communications | Congr\u00e8s de Traduction Salamanca 2024\" \/>\n<meta property=\"og:description\" content=\"Toutes les s\u00e9ances S\u00e9ances de communications et panels sp\u00e9ciaux (PDF, mise \u00e0 jour le 15\/04\/2024) Cahier de r\u00e9sum\u00e9s (PDF) S\u00e9ance par s\u00e9ance Mercredi 17 Jeudi 18 Vendredi 19\" \/>\n<meta property=\"og:url\" content=\"https:\/\/traduccioneinterpretacion.org\/fr\/congres2024\/programme\/communications\/\" \/>\n<meta property=\"og:site_name\" content=\"Departamento de Traducci\u00f3n e Interpretaci\u00f3n\" \/>\n<meta property=\"article:publisher\" content=\"https:\/\/www.facebook.com\/people\/II-Congreso-Internacional-Traduccin-y-Sostenibilidad-Cultural\/61550194661647\/\" \/>\n<meta property=\"article:modified_time\" content=\"2024-04-15T15:00:42+00:00\" \/>\n<meta name=\"twitter:card\" content=\"summary_large_image\" \/>\n<meta name=\"twitter:site\" content=\"@congre_trad2024\" \/>\n<meta name=\"twitter:label1\" content=\"Dur\u00e9e de lecture estim\u00e9e\" \/>\n\t<meta name=\"twitter:data1\" content=\"1 minute\" \/>\n<script type=\"application\/ld+json\" class=\"yoast-schema-graph\">{\"@context\":\"https:\\\/\\\/schema.org\",\"@graph\":[{\"@type\":\"WebPage\",\"@id\":\"https:\\\/\\\/traduccioneinterpretacion.org\\\/fr\\\/congres2024\\\/programme\\\/communications\\\/\",\"url\":\"https:\\\/\\\/traduccioneinterpretacion.org\\\/fr\\\/congres2024\\\/programme\\\/communications\\\/\",\"name\":\"Communications | Congr\u00e8s de Traduction Salamanca 2024\",\"isPartOf\":{\"@id\":\"https:\\\/\\\/traduccioneinterpretacion.org\\\/fr\\\/#website\"},\"datePublished\":\"2024-02-01T19:58:40+00:00\",\"dateModified\":\"2024-04-15T15:00:42+00:00\",\"breadcrumb\":{\"@id\":\"https:\\\/\\\/traduccioneinterpretacion.org\\\/fr\\\/congres2024\\\/programme\\\/communications\\\/#breadcrumb\"},\"inLanguage\":\"fr-FR\",\"potentialAction\":[{\"@type\":\"ReadAction\",\"target\":[\"https:\\\/\\\/traduccioneinterpretacion.org\\\/fr\\\/congres2024\\\/programme\\\/communications\\\/\"]}]},{\"@type\":\"BreadcrumbList\",\"@id\":\"https:\\\/\\\/traduccioneinterpretacion.org\\\/fr\\\/congres2024\\\/programme\\\/communications\\\/#breadcrumb\",\"itemListElement\":[{\"@type\":\"ListItem\",\"position\":1,\"name\":\"Accueil\",\"item\":\"https:\\\/\\\/traduccioneinterpretacion.org\\\/fr\\\/congres2024\\\/\"},{\"@type\":\"ListItem\",\"position\":2,\"name\":\"Programme\",\"item\":\"https:\\\/\\\/traduccioneinterpretacion.org\\\/fr\\\/congres2024\\\/programme\\\/\"},{\"@type\":\"ListItem\",\"position\":3,\"name\":\"Communications\"}]},{\"@type\":\"WebSite\",\"@id\":\"https:\\\/\\\/traduccioneinterpretacion.org\\\/fr\\\/#website\",\"url\":\"https:\\\/\\\/traduccioneinterpretacion.org\\\/fr\\\/\",\"name\":\"Departamento de Traducci\u00f3n e Interpretaci\u00f3n\",\"description\":\"Universidad de Salamanca\",\"publisher\":{\"@id\":\"https:\\\/\\\/traduccioneinterpretacion.org\\\/fr\\\/#organization\"},\"potentialAction\":[{\"@type\":\"SearchAction\",\"target\":{\"@type\":\"EntryPoint\",\"urlTemplate\":\"https:\\\/\\\/traduccioneinterpretacion.org\\\/fr\\\/?s={search_term_string}\"},\"query-input\":{\"@type\":\"PropertyValueSpecification\",\"valueRequired\":true,\"valueName\":\"search_term_string\"}}],\"inLanguage\":\"fr-FR\"},{\"@type\":\"Organization\",\"@id\":\"https:\\\/\\\/traduccioneinterpretacion.org\\\/fr\\\/#organization\",\"name\":\"Departamento de Traducci\u00f3n e Interpretaci\u00f3n\",\"url\":\"https:\\\/\\\/traduccioneinterpretacion.org\\\/fr\\\/\",\"logo\":{\"@type\":\"ImageObject\",\"inLanguage\":\"fr-FR\",\"@id\":\"https:\\\/\\\/traduccioneinterpretacion.org\\\/fr\\\/#\\\/schema\\\/logo\\\/image\\\/\",\"url\":\"https:\\\/\\\/i0.wp.com\\\/traduccioneinterpretacion.org\\\/wp-content\\\/uploads\\\/2023\\\/05\\\/marca-UniversidadSalamanca-color_300x83.png?fit=300%2C83&ssl=1\",\"contentUrl\":\"https:\\\/\\\/i0.wp.com\\\/traduccioneinterpretacion.org\\\/wp-content\\\/uploads\\\/2023\\\/05\\\/marca-UniversidadSalamanca-color_300x83.png?fit=300%2C83&ssl=1\",\"width\":300,\"height\":83,\"caption\":\"Departamento de Traducci\u00f3n e Interpretaci\u00f3n\"},\"image\":{\"@id\":\"https:\\\/\\\/traduccioneinterpretacion.org\\\/fr\\\/#\\\/schema\\\/logo\\\/image\\\/\"},\"sameAs\":[\"https:\\\/\\\/www.facebook.com\\\/people\\\/II-Congreso-Internacional-Traduccin-y-Sostenibilidad-Cultural\\\/61550194661647\\\/\",\"https:\\\/\\\/x.com\\\/congre_trad2024\",\"https:\\\/\\\/mastodon.social\\\/@congre_trad2024\",\"https:\\\/\\\/twitter.com\\\/congre_trad2024\",\"https:\\\/\\\/www.instagram.com\\\/congre_trad2024\\\/\"]}]}<\/script>\n<!-- \/ Yoast SEO plugin. -->","yoast_head_json":{"title":"Communications | Congr\u00e8s de Traduction Salamanca 2024","robots":{"index":"index","follow":"follow","max-snippet":"max-snippet:-1","max-image-preview":"max-image-preview:large","max-video-preview":"max-video-preview:-1"},"canonical":"https:\/\/traduccioneinterpretacion.org\/fr\/congres2024\/programme\/communications\/","og_locale":"fr_FR","og_type":"article","og_title":"Communications | Congr\u00e8s de Traduction Salamanca 2024","og_description":"Toutes les s\u00e9ances S\u00e9ances de communications et panels sp\u00e9ciaux (PDF, mise \u00e0 jour le 15\/04\/2024) Cahier de r\u00e9sum\u00e9s (PDF) S\u00e9ance par s\u00e9ance Mercredi 17 Jeudi 18 Vendredi 19","og_url":"https:\/\/traduccioneinterpretacion.org\/fr\/congres2024\/programme\/communications\/","og_site_name":"Departamento de Traducci\u00f3n e Interpretaci\u00f3n","article_publisher":"https:\/\/www.facebook.com\/people\/II-Congreso-Internacional-Traduccin-y-Sostenibilidad-Cultural\/61550194661647\/","article_modified_time":"2024-04-15T15:00:42+00:00","twitter_card":"summary_large_image","twitter_site":"@congre_trad2024","twitter_misc":{"Dur\u00e9e de lecture estim\u00e9e":"1 minute"},"schema":{"@context":"https:\/\/schema.org","@graph":[{"@type":"WebPage","@id":"https:\/\/traduccioneinterpretacion.org\/fr\/congres2024\/programme\/communications\/","url":"https:\/\/traduccioneinterpretacion.org\/fr\/congres2024\/programme\/communications\/","name":"Communications | Congr\u00e8s de Traduction Salamanca 2024","isPartOf":{"@id":"https:\/\/traduccioneinterpretacion.org\/fr\/#website"},"datePublished":"2024-02-01T19:58:40+00:00","dateModified":"2024-04-15T15:00:42+00:00","breadcrumb":{"@id":"https:\/\/traduccioneinterpretacion.org\/fr\/congres2024\/programme\/communications\/#breadcrumb"},"inLanguage":"fr-FR","potentialAction":[{"@type":"ReadAction","target":["https:\/\/traduccioneinterpretacion.org\/fr\/congres2024\/programme\/communications\/"]}]},{"@type":"BreadcrumbList","@id":"https:\/\/traduccioneinterpretacion.org\/fr\/congres2024\/programme\/communications\/#breadcrumb","itemListElement":[{"@type":"ListItem","position":1,"name":"Accueil","item":"https:\/\/traduccioneinterpretacion.org\/fr\/congres2024\/"},{"@type":"ListItem","position":2,"name":"Programme","item":"https:\/\/traduccioneinterpretacion.org\/fr\/congres2024\/programme\/"},{"@type":"ListItem","position":3,"name":"Communications"}]},{"@type":"WebSite","@id":"https:\/\/traduccioneinterpretacion.org\/fr\/#website","url":"https:\/\/traduccioneinterpretacion.org\/fr\/","name":"Departamento de Traducci\u00f3n e Interpretaci\u00f3n","description":"Universidad de Salamanca","publisher":{"@id":"https:\/\/traduccioneinterpretacion.org\/fr\/#organization"},"potentialAction":[{"@type":"SearchAction","target":{"@type":"EntryPoint","urlTemplate":"https:\/\/traduccioneinterpretacion.org\/fr\/?s={search_term_string}"},"query-input":{"@type":"PropertyValueSpecification","valueRequired":true,"valueName":"search_term_string"}}],"inLanguage":"fr-FR"},{"@type":"Organization","@id":"https:\/\/traduccioneinterpretacion.org\/fr\/#organization","name":"Departamento de Traducci\u00f3n e Interpretaci\u00f3n","url":"https:\/\/traduccioneinterpretacion.org\/fr\/","logo":{"@type":"ImageObject","inLanguage":"fr-FR","@id":"https:\/\/traduccioneinterpretacion.org\/fr\/#\/schema\/logo\/image\/","url":"https:\/\/i0.wp.com\/traduccioneinterpretacion.org\/wp-content\/uploads\/2023\/05\/marca-UniversidadSalamanca-color_300x83.png?fit=300%2C83&ssl=1","contentUrl":"https:\/\/i0.wp.com\/traduccioneinterpretacion.org\/wp-content\/uploads\/2023\/05\/marca-UniversidadSalamanca-color_300x83.png?fit=300%2C83&ssl=1","width":300,"height":83,"caption":"Departamento de Traducci\u00f3n e Interpretaci\u00f3n"},"image":{"@id":"https:\/\/traduccioneinterpretacion.org\/fr\/#\/schema\/logo\/image\/"},"sameAs":["https:\/\/www.facebook.com\/people\/II-Congreso-Internacional-Traduccin-y-Sostenibilidad-Cultural\/61550194661647\/","https:\/\/x.com\/congre_trad2024","https:\/\/mastodon.social\/@congre_trad2024","https:\/\/twitter.com\/congre_trad2024","https:\/\/www.instagram.com\/congre_trad2024\/"]}]}},"jetpack_likes_enabled":false,"jetpack_sharing_enabled":true,"jetpack_shortlink":"https:\/\/wp.me\/P9gG16-27Y","jetpack-related-posts":[],"_links":{"self":[{"href":"https:\/\/traduccioneinterpretacion.org\/fr\/wp-json\/wp\/v2\/pages\/8182","targetHints":{"allow":["GET"]}}],"collection":[{"href":"https:\/\/traduccioneinterpretacion.org\/fr\/wp-json\/wp\/v2\/pages"}],"about":[{"href":"https:\/\/traduccioneinterpretacion.org\/fr\/wp-json\/wp\/v2\/types\/page"}],"author":[{"embeddable":true,"href":"https:\/\/traduccioneinterpretacion.org\/fr\/wp-json\/wp\/v2\/users\/53973552"}],"replies":[{"embeddable":true,"href":"https:\/\/traduccioneinterpretacion.org\/fr\/wp-json\/wp\/v2\/comments?post=8182"}],"version-history":[{"count":18,"href":"https:\/\/traduccioneinterpretacion.org\/fr\/wp-json\/wp\/v2\/pages\/8182\/revisions"}],"predecessor-version":[{"id":10318,"href":"https:\/\/traduccioneinterpretacion.org\/fr\/wp-json\/wp\/v2\/pages\/8182\/revisions\/10318"}],"up":[{"embeddable":true,"href":"https:\/\/traduccioneinterpretacion.org\/fr\/wp-json\/wp\/v2\/pages\/5161"}],"wp:attachment":[{"href":"https:\/\/traduccioneinterpretacion.org\/fr\/wp-json\/wp\/v2\/media?parent=8182"}],"wp:term":[{"taxonomy":"category","embeddable":true,"href":"https:\/\/traduccioneinterpretacion.org\/fr\/wp-json\/wp\/v2\/categories?post=8182"},{"taxonomy":"post_tag","embeddable":true,"href":"https:\/\/traduccioneinterpretacion.org\/fr\/wp-json\/wp\/v2\/tags?post=8182"}],"curies":[{"name":"wp","href":"https:\/\/api.w.org\/{rel}","templated":true}]}}