{"id":5149,"date":"2023-07-24T19:54:24","date_gmt":"2023-07-24T17:54:24","guid":{"rendered":"https:\/\/traduccioneinterpretacion.org\/?page_id=5149"},"modified":"2023-10-30T17:12:59","modified_gmt":"2023-10-30T16:12:59","slug":"comite-devaluation","status":"publish","type":"page","link":"https:\/\/traduccioneinterpretacion.org\/fr\/congres2024\/organisation\/comite-devaluation\/","title":{"rendered":"Comit\u00e9 d\u2019\u00e9valuation"},"content":{"rendered":"<div class=\"yoast-breadcrumbs\"><span><span><a href=\"https:\/\/traduccioneinterpretacion.org\/fr\/congres2024\/\">Accueil<\/a><\/span> \u00bb <span><a href=\"https:\/\/traduccioneinterpretacion.org\/fr\/congres2024\/organisation\/\">Organisation<\/a><\/span> \u00bb <span class=\"breadcrumb_last\" aria-current=\"page\"><strong>Comit\u00e9 d\u2019\u00e9valuation<\/strong><\/span><\/span><\/div>\n\n\n<ul class=\"wp-block-list\">\n<li><strong>Georges L. Bastin<\/strong> (Universit\u00e9 de Montr\u00e9al)<\/li>\n\n\n\n<li><strong>Piotr Blumczynski<\/strong> (Queen&rsquo;s University Belfast)<\/li>\n\n\n\n<li><strong>Elisa Calvo<\/strong> (Universidad Pablo Olavide)<\/li>\n\n\n\n<li><strong>Madeleine Campbell<\/strong> (University of Edinburgh)<\/li>\n\n\n\n<li><strong>Frederic Chaume<\/strong> (Universitat Jaume I)<\/li>\n\n\n\n<li><strong>Gloria Corpas Pastor<\/strong> (Universidad de M\u00e1laga)<\/li>\n\n\n\n<li><strong>Adriana Cruz<\/strong> (Universit\u00e4t Heidelberg)<\/li>\n\n\n\n<li><strong>Elena de la Cova<\/strong> (Universidad Pablo de Olavide)<\/li>\n\n\n\n<li><strong>Jorge D\u00edaz-Cintas<\/strong> (University College London)<\/li>\n\n\n\n<li><strong>F\u00e9lix do Carmo <\/strong>(University of Surrey)<\/li>\n\n\n\n<li><strong>Pascaline Dury<\/strong> (Universit\u00e9 Lumi\u00e8re Lyon 2)<\/li>\n\n\n\n<li><strong>Carlos Fortea<\/strong> (Universidad Complutense de Madrid)<\/li>\n\n\n\n<li><strong>Nicolas Froeliger<\/strong> (Universit\u00e9 Paris Cit\u00e9)<\/li>\n\n\n\n<li><strong>M. \u00aa Teresa Fuentes Mor\u00e1n<\/strong> (Universidad de Salamanca)<\/li>\n\n\n\n<li><strong>Joaqu\u00edn Garc\u00eda Palacios<\/strong> (Universidad de Salamanca)<\/li>\n\n\n\n<li><strong>Rainier Grutman<\/strong> (Universit\u00e9 d&rsquo;Ottawa)<\/li>\n\n\n\n<li><strong>Miguel \u00c1. Jim\u00e9nez-Crespo<\/strong> (Rutgers University)<\/li>\n\n\n\n<li><strong>Catalina Jim\u00e9nez Hurtado <\/strong>(Universidad de Granada)<\/li>\n\n\n\n<li><strong>Steven G. Kellman<\/strong> (University of Texas at San Antonio)<\/li>\n\n\n\n<li><strong>Dorothy Kenny <\/strong>(Dublin City University)<\/li>\n\n\n\n<li><strong>David Mar\u00edn Hern\u00e1ndez<\/strong> (Universidad de M\u00e1laga)<\/li>\n\n\n\n<li><strong>Antonio J. Mart\u00ednez Pleguezuelos<\/strong> (Universidad Complutense de Madrid)<\/li>\n\n\n\n<li><strong>Chris Mellinger <\/strong>(The University of North Carolina at Charlotte)<\/li>\n\n\n\n<li><strong>Sylvie Monjean-Decaudin<\/strong> (Sorbonne Universit\u00e9)<\/li>\n\n\n\n<li><strong>Esther Monz\u00f3 Nebot<\/strong> (Universitat Jaume I)<\/li>\n\n\n\n<li><strong>E. Macarena Pradas Mac\u00edas<\/strong> (Universidad de Granada)<\/li>\n\n\n\n<li><strong>Fernando Prieto Ramos<\/strong> (Universit\u00e9 de Gen\u00e8ve)<\/li>\n\n\n\n<li><strong>Celia Rico <\/strong>(Universidad Complutense de Madrid)<\/li>\n\n\n\n<li><strong>Silvia Rodr\u00edguez V\u00e1zquez<\/strong> (Universit\u00e9 de Gen\u00e8ve)<\/li>\n\n\n\n<li><strong>Pilar S\u00e1nchez-Gij\u00f3n<\/strong> (Universitat Aut\u00f2noma de Barcelona)<\/li>\n\n\n\n<li><strong>M. \u00aa del Mar S\u00e1nchez Ramos<\/strong> (Universidad de Alcal\u00e1)<\/li>\n\n\n\n<li><strong>M. \u00aa del Mar Soli\u00f1o<\/strong> (Universidad de Salamanca)<\/li>\n\n\n\n<li><strong>Encarnaci\u00f3n Tabares Plasencia<\/strong> (Universit\u00e4t Leipzig)<\/li>\n\n\n\n<li><strong>Ricarda Vidal <\/strong>(King&rsquo;s College London)<\/li>\n\n\n\n<li><strong>Iv\u00e1n Villanueva Jord\u00e1n<\/strong> (Universidad Peruana de Ciencias Aplicadas)<\/li>\n<\/ul>\n","protected":false},"excerpt":{"rendered":"","protected":false},"author":53973552,"featured_media":0,"parent":5146,"menu_order":0,"comment_status":"closed","ping_status":"closed","template":"","meta":{"_coblocks_attr":"","_coblocks_dimensions":"","_coblocks_responsive_height":"","_coblocks_accordion_ie_support":"","_crdt_document":"","footnotes":""},"categories":[730665709],"tags":[730665943],"class_list":["post-5149","page","type-page","status-publish","hentry","category-congres2024","tag-congres2024"],"yoast_head":"<!-- This site is optimized with the Yoast SEO plugin v27.5 - https:\/\/yoast.com\/product\/yoast-seo-wordpress\/ -->\n<title>Comit\u00e9 d\u2019\u00e9valuation - Congr\u00e8s traduction et durabilit\u00e9 culturelle 2024<\/title>\n<meta name=\"robots\" content=\"index, follow, max-snippet:-1, max-image-preview:large, max-video-preview:-1\" \/>\n<link rel=\"canonical\" href=\"https:\/\/traduccioneinterpretacion.org\/fr\/congres2024\/organisation\/comite-devaluation\/\" \/>\n<meta property=\"og:locale\" content=\"fr_FR\" \/>\n<meta property=\"og:type\" content=\"article\" \/>\n<meta property=\"og:title\" content=\"Comit\u00e9 d\u2019\u00e9valuation - Congr\u00e8s traduction et durabilit\u00e9 culturelle 2024\" \/>\n<meta property=\"og:url\" content=\"https:\/\/traduccioneinterpretacion.org\/fr\/congres2024\/organisation\/comite-devaluation\/\" \/>\n<meta property=\"og:site_name\" content=\"Departamento de Traducci\u00f3n e Interpretaci\u00f3n\" \/>\n<meta property=\"article:publisher\" content=\"https:\/\/www.facebook.com\/people\/II-Congreso-Internacional-Traduccin-y-Sostenibilidad-Cultural\/61550194661647\/\" \/>\n<meta property=\"article:modified_time\" content=\"2023-10-30T16:12:59+00:00\" \/>\n<meta name=\"twitter:card\" content=\"summary_large_image\" \/>\n<meta name=\"twitter:site\" content=\"@congre_trad2024\" \/>\n<meta name=\"twitter:label1\" content=\"Dur\u00e9e de lecture estim\u00e9e\" \/>\n\t<meta name=\"twitter:data1\" content=\"1 minute\" \/>\n<script type=\"application\/ld+json\" class=\"yoast-schema-graph\">{\"@context\":\"https:\\\/\\\/schema.org\",\"@graph\":[{\"@type\":\"WebPage\",\"@id\":\"https:\\\/\\\/traduccioneinterpretacion.org\\\/fr\\\/congres2024\\\/organisation\\\/comite-devaluation\\\/\",\"url\":\"https:\\\/\\\/traduccioneinterpretacion.org\\\/fr\\\/congres2024\\\/organisation\\\/comite-devaluation\\\/\",\"name\":\"Comit\u00e9 d\u2019\u00e9valuation - Congr\u00e8s traduction et durabilit\u00e9 culturelle 2024\",\"isPartOf\":{\"@id\":\"https:\\\/\\\/traduccioneinterpretacion.org\\\/fr\\\/#website\"},\"datePublished\":\"2023-07-24T17:54:24+00:00\",\"dateModified\":\"2023-10-30T16:12:59+00:00\",\"breadcrumb\":{\"@id\":\"https:\\\/\\\/traduccioneinterpretacion.org\\\/fr\\\/congres2024\\\/organisation\\\/comite-devaluation\\\/#breadcrumb\"},\"inLanguage\":\"fr-FR\",\"potentialAction\":[{\"@type\":\"ReadAction\",\"target\":[\"https:\\\/\\\/traduccioneinterpretacion.org\\\/fr\\\/congres2024\\\/organisation\\\/comite-devaluation\\\/\"]}]},{\"@type\":\"BreadcrumbList\",\"@id\":\"https:\\\/\\\/traduccioneinterpretacion.org\\\/fr\\\/congres2024\\\/organisation\\\/comite-devaluation\\\/#breadcrumb\",\"itemListElement\":[{\"@type\":\"ListItem\",\"position\":1,\"name\":\"Accueil\",\"item\":\"https:\\\/\\\/traduccioneinterpretacion.org\\\/fr\\\/congres2024\\\/\"},{\"@type\":\"ListItem\",\"position\":2,\"name\":\"Organisation\",\"item\":\"https:\\\/\\\/traduccioneinterpretacion.org\\\/fr\\\/congres2024\\\/organisation\\\/\"},{\"@type\":\"ListItem\",\"position\":3,\"name\":\"Comit\u00e9 d\u2019\u00e9valuation\"}]},{\"@type\":\"WebSite\",\"@id\":\"https:\\\/\\\/traduccioneinterpretacion.org\\\/fr\\\/#website\",\"url\":\"https:\\\/\\\/traduccioneinterpretacion.org\\\/fr\\\/\",\"name\":\"Departamento de Traducci\u00f3n e Interpretaci\u00f3n\",\"description\":\"Universidad de Salamanca\",\"publisher\":{\"@id\":\"https:\\\/\\\/traduccioneinterpretacion.org\\\/fr\\\/#organization\"},\"potentialAction\":[{\"@type\":\"SearchAction\",\"target\":{\"@type\":\"EntryPoint\",\"urlTemplate\":\"https:\\\/\\\/traduccioneinterpretacion.org\\\/fr\\\/?s={search_term_string}\"},\"query-input\":{\"@type\":\"PropertyValueSpecification\",\"valueRequired\":true,\"valueName\":\"search_term_string\"}}],\"inLanguage\":\"fr-FR\"},{\"@type\":\"Organization\",\"@id\":\"https:\\\/\\\/traduccioneinterpretacion.org\\\/fr\\\/#organization\",\"name\":\"Departamento de Traducci\u00f3n e Interpretaci\u00f3n\",\"url\":\"https:\\\/\\\/traduccioneinterpretacion.org\\\/fr\\\/\",\"logo\":{\"@type\":\"ImageObject\",\"inLanguage\":\"fr-FR\",\"@id\":\"https:\\\/\\\/traduccioneinterpretacion.org\\\/fr\\\/#\\\/schema\\\/logo\\\/image\\\/\",\"url\":\"https:\\\/\\\/i0.wp.com\\\/traduccioneinterpretacion.org\\\/wp-content\\\/uploads\\\/2023\\\/05\\\/marca-UniversidadSalamanca-color_300x83.png?fit=300%2C83&ssl=1\",\"contentUrl\":\"https:\\\/\\\/i0.wp.com\\\/traduccioneinterpretacion.org\\\/wp-content\\\/uploads\\\/2023\\\/05\\\/marca-UniversidadSalamanca-color_300x83.png?fit=300%2C83&ssl=1\",\"width\":300,\"height\":83,\"caption\":\"Departamento de Traducci\u00f3n e Interpretaci\u00f3n\"},\"image\":{\"@id\":\"https:\\\/\\\/traduccioneinterpretacion.org\\\/fr\\\/#\\\/schema\\\/logo\\\/image\\\/\"},\"sameAs\":[\"https:\\\/\\\/www.facebook.com\\\/people\\\/II-Congreso-Internacional-Traduccin-y-Sostenibilidad-Cultural\\\/61550194661647\\\/\",\"https:\\\/\\\/x.com\\\/congre_trad2024\",\"https:\\\/\\\/mastodon.social\\\/@congre_trad2024\",\"https:\\\/\\\/twitter.com\\\/congre_trad2024\",\"https:\\\/\\\/www.instagram.com\\\/congre_trad2024\\\/\"]}]}<\/script>\n<!-- \/ Yoast SEO plugin. -->","yoast_head_json":{"title":"Comit\u00e9 d\u2019\u00e9valuation - Congr\u00e8s traduction et durabilit\u00e9 culturelle 2024","robots":{"index":"index","follow":"follow","max-snippet":"max-snippet:-1","max-image-preview":"max-image-preview:large","max-video-preview":"max-video-preview:-1"},"canonical":"https:\/\/traduccioneinterpretacion.org\/fr\/congres2024\/organisation\/comite-devaluation\/","og_locale":"fr_FR","og_type":"article","og_title":"Comit\u00e9 d\u2019\u00e9valuation - Congr\u00e8s traduction et durabilit\u00e9 culturelle 2024","og_url":"https:\/\/traduccioneinterpretacion.org\/fr\/congres2024\/organisation\/comite-devaluation\/","og_site_name":"Departamento de Traducci\u00f3n e Interpretaci\u00f3n","article_publisher":"https:\/\/www.facebook.com\/people\/II-Congreso-Internacional-Traduccin-y-Sostenibilidad-Cultural\/61550194661647\/","article_modified_time":"2023-10-30T16:12:59+00:00","twitter_card":"summary_large_image","twitter_site":"@congre_trad2024","twitter_misc":{"Dur\u00e9e de lecture estim\u00e9e":"1 minute"},"schema":{"@context":"https:\/\/schema.org","@graph":[{"@type":"WebPage","@id":"https:\/\/traduccioneinterpretacion.org\/fr\/congres2024\/organisation\/comite-devaluation\/","url":"https:\/\/traduccioneinterpretacion.org\/fr\/congres2024\/organisation\/comite-devaluation\/","name":"Comit\u00e9 d\u2019\u00e9valuation - Congr\u00e8s traduction et durabilit\u00e9 culturelle 2024","isPartOf":{"@id":"https:\/\/traduccioneinterpretacion.org\/fr\/#website"},"datePublished":"2023-07-24T17:54:24+00:00","dateModified":"2023-10-30T16:12:59+00:00","breadcrumb":{"@id":"https:\/\/traduccioneinterpretacion.org\/fr\/congres2024\/organisation\/comite-devaluation\/#breadcrumb"},"inLanguage":"fr-FR","potentialAction":[{"@type":"ReadAction","target":["https:\/\/traduccioneinterpretacion.org\/fr\/congres2024\/organisation\/comite-devaluation\/"]}]},{"@type":"BreadcrumbList","@id":"https:\/\/traduccioneinterpretacion.org\/fr\/congres2024\/organisation\/comite-devaluation\/#breadcrumb","itemListElement":[{"@type":"ListItem","position":1,"name":"Accueil","item":"https:\/\/traduccioneinterpretacion.org\/fr\/congres2024\/"},{"@type":"ListItem","position":2,"name":"Organisation","item":"https:\/\/traduccioneinterpretacion.org\/fr\/congres2024\/organisation\/"},{"@type":"ListItem","position":3,"name":"Comit\u00e9 d\u2019\u00e9valuation"}]},{"@type":"WebSite","@id":"https:\/\/traduccioneinterpretacion.org\/fr\/#website","url":"https:\/\/traduccioneinterpretacion.org\/fr\/","name":"Departamento de Traducci\u00f3n e Interpretaci\u00f3n","description":"Universidad de Salamanca","publisher":{"@id":"https:\/\/traduccioneinterpretacion.org\/fr\/#organization"},"potentialAction":[{"@type":"SearchAction","target":{"@type":"EntryPoint","urlTemplate":"https:\/\/traduccioneinterpretacion.org\/fr\/?s={search_term_string}"},"query-input":{"@type":"PropertyValueSpecification","valueRequired":true,"valueName":"search_term_string"}}],"inLanguage":"fr-FR"},{"@type":"Organization","@id":"https:\/\/traduccioneinterpretacion.org\/fr\/#organization","name":"Departamento de Traducci\u00f3n e Interpretaci\u00f3n","url":"https:\/\/traduccioneinterpretacion.org\/fr\/","logo":{"@type":"ImageObject","inLanguage":"fr-FR","@id":"https:\/\/traduccioneinterpretacion.org\/fr\/#\/schema\/logo\/image\/","url":"https:\/\/i0.wp.com\/traduccioneinterpretacion.org\/wp-content\/uploads\/2023\/05\/marca-UniversidadSalamanca-color_300x83.png?fit=300%2C83&ssl=1","contentUrl":"https:\/\/i0.wp.com\/traduccioneinterpretacion.org\/wp-content\/uploads\/2023\/05\/marca-UniversidadSalamanca-color_300x83.png?fit=300%2C83&ssl=1","width":300,"height":83,"caption":"Departamento de Traducci\u00f3n e Interpretaci\u00f3n"},"image":{"@id":"https:\/\/traduccioneinterpretacion.org\/fr\/#\/schema\/logo\/image\/"},"sameAs":["https:\/\/www.facebook.com\/people\/II-Congreso-Internacional-Traduccin-y-Sostenibilidad-Cultural\/61550194661647\/","https:\/\/x.com\/congre_trad2024","https:\/\/mastodon.social\/@congre_trad2024","https:\/\/twitter.com\/congre_trad2024","https:\/\/www.instagram.com\/congre_trad2024\/"]}]}},"jetpack_likes_enabled":false,"jetpack_sharing_enabled":true,"jetpack_shortlink":"https:\/\/wp.me\/P9gG16-1l3","jetpack-related-posts":[],"_links":{"self":[{"href":"https:\/\/traduccioneinterpretacion.org\/fr\/wp-json\/wp\/v2\/pages\/5149","targetHints":{"allow":["GET"]}}],"collection":[{"href":"https:\/\/traduccioneinterpretacion.org\/fr\/wp-json\/wp\/v2\/pages"}],"about":[{"href":"https:\/\/traduccioneinterpretacion.org\/fr\/wp-json\/wp\/v2\/types\/page"}],"author":[{"embeddable":true,"href":"https:\/\/traduccioneinterpretacion.org\/fr\/wp-json\/wp\/v2\/users\/53973552"}],"replies":[{"embeddable":true,"href":"https:\/\/traduccioneinterpretacion.org\/fr\/wp-json\/wp\/v2\/comments?post=5149"}],"version-history":[{"count":3,"href":"https:\/\/traduccioneinterpretacion.org\/fr\/wp-json\/wp\/v2\/pages\/5149\/revisions"}],"predecessor-version":[{"id":6786,"href":"https:\/\/traduccioneinterpretacion.org\/fr\/wp-json\/wp\/v2\/pages\/5149\/revisions\/6786"}],"up":[{"embeddable":true,"href":"https:\/\/traduccioneinterpretacion.org\/fr\/wp-json\/wp\/v2\/pages\/5146"}],"wp:attachment":[{"href":"https:\/\/traduccioneinterpretacion.org\/fr\/wp-json\/wp\/v2\/media?parent=5149"}],"wp:term":[{"taxonomy":"category","embeddable":true,"href":"https:\/\/traduccioneinterpretacion.org\/fr\/wp-json\/wp\/v2\/categories?post=5149"},{"taxonomy":"post_tag","embeddable":true,"href":"https:\/\/traduccioneinterpretacion.org\/fr\/wp-json\/wp\/v2\/tags?post=5149"}],"curies":[{"name":"wp","href":"https:\/\/api.w.org\/{rel}","templated":true}]}}