{"id":8443,"date":"2024-02-08T13:31:09","date_gmt":"2024-02-08T12:31:09","guid":{"rendered":"https:\/\/traduccioneinterpretacion.org\/anfahrt\/"},"modified":"2024-03-07T11:39:54","modified_gmt":"2024-03-07T10:39:54","slug":"anfahrt","status":"publish","type":"page","link":"https:\/\/traduccioneinterpretacion.org\/de\/kongress2024\/veranstaltungsort\/anfahrt\/","title":{"rendered":"Anfahrt"},"content":{"rendered":"<div aria-label=\"Sie befinden sich hier.\" role=\"navigation\" class=\"yoast-breadcrumbs\"><span><span><a href=\"https:\/\/traduccioneinterpretacion.org\/de\/kongress2024\/\">Willkommen<\/a><\/span> \u00bb <span><a href=\"https:\/\/traduccioneinterpretacion.org\/de\/kongress2024\/veranstaltungsort\/\">Veranstaltungsort<\/a><\/span> \u00bb <span class=\"breadcrumb_last\" aria-current=\"page\"><strong>Anfahrt<\/strong><\/span><\/span><\/div>\n\n\n<p class=\"wp-block-paragraph\"><a href=\"#avion\">per Flugzeug<\/a> | <a href=\"#tren\">per Bahn<\/a> | <a href=\"#bus\">per Bus<\/a><\/p>\n\n\n\n<h3 class=\"wp-block-heading\" id=\"avion\">Mit dem Flugzeug<\/h3>\n\n\n\n<p class=\"wp-block-paragraph\">In der N\u00e4he von Salamanca befinden sich die Flugh\u00e4fen <strong>Valladolid <\/strong>(Villanubla) und <strong>Madrid <\/strong>(Adolfo Su\u00e1rez-Barajas). Andere Flugh\u00e4fen mit gr\u00f6\u00dferer Anreisezeit nach Salamanca sind: <a href=\"https:\/\/www.aena.es\/es\/josep-tarradellas-barcelona-el-prat.html\">Barcelona<\/a>, <a href=\"https:\/\/www.aena.es\/es\/malaga-costa-del-sol.html\">M\u00e1laga<\/a>, <a href=\"https:\/\/www.aena.es\/es\/alicante-elche-miguel-hernandez.html\">Alicante-Elche<\/a>, <a href=\"https:\/\/www.aeropuertoporto.pt\/es\/opo\/home\">Porto<\/a> (Portugal) und <a href=\"https:\/\/www.aeropuertolisboa.pt\/es\/lis\/home\">Lissabon<\/a> (Portugal).<\/p>\n\n\n\n<h4 class=\"wp-block-heading\">Flughafen Madrid<\/h4>\n\n\n\n<p class=\"wp-block-paragraph\">Salamanca befindet sich 210 km westlich von Madrid. Es gibt regelm\u00e4\u00dfige <a href=\"#tren-madrid\">Bahn-<\/a> und <a href=\"#bus-valladolid\">Busverbindungen<\/a>.<\/p>\n\n\n\n<p class=\"wp-block-paragraph\">Der Flughafen <a href=\"https:\/\/www.aena.es\/es\/adolfo-suarez-madrid-barajas.html\">Adolfo Su\u00e1rez Madrid-Barajas<\/a> ist der von Salamanca n\u00e4chstgelegene gro\u00dfe Flughafen. <\/p>\n\n\n\n<p class=\"wp-block-paragraph\">Um vom Flughafen Barajas mit dem Zug nach Salamanca zu gelangen, gibt es verschiedene M\u00f6glichkeiten:<\/p>\n\n\n\n<ul class=\"wp-block-list\">\n<li><strong>Taxi<\/strong> (ca. 30 \u20ac bis ins Zentrum von Madrid): <ul><li>zum <a href=\"#tren-madrid\">Bahnhof<\/a> Chamart\u00edn oder Pr\u00edncipe P\u00edo.<\/li><\/ul>\n<ul class=\"wp-block-list\">\n<li>zum Busbahnhof <a href=\"#bus-madrid\">Estaci\u00f3n Sur<\/a> in Madrid.<\/li>\n<\/ul>\n<\/li>\n\n\n\n<li><a href=\"#bus-madrid\"><strong>Direktbus<\/strong> nach Salamanca<\/a>.<\/li>\n\n\n\n<li><strong>Nahverkehrsz\u00fcge<\/strong> (<i>Cercan\u00edas<\/i>): \n<ul class=\"wp-block-list\">\n<li>Am Terminal 4 (T4) gibt es einen Nahverkehrsbahnhof und mehrere Linien <a href=\"https:\/\/www.aeropuertomadrid-barajas.com\/transportes\/bus-transito-lanzadera-terminales.html\">verbinden die Terminals 1, 2, 3 und 4<\/a> regelm\u00e4\u00dfig mit den verschiedenen Bahnh\u00f6fen in Madrid.<\/li>\n\n\n\n<li>Die Nahverkehrsz\u00fcge <strong>C1<\/strong> und <strong>C10<\/strong> halten an den <a href=\"#tren-madrid\">Bahnh\u00f6fen<\/a> Chamart\u00edn (3 Haltestellen, Bef\u00f6rderungszeit ca. 20 Minuten) und Pr\u00edncipe P\u00edo (10 Haltestellen, Bef\u00f6rderungszeit ca. 45 Minuten). Die Z\u00fcge halten auch an der Haltestelle \u201eNuevos Ministerios\u201c (4 Haltestellen), von wo aus Sie in die U-Bahn umsteigen k\u00f6nnen, um mit der Linie 6 (Ringlinie) nach \u201eM\u00e9ndez \u00c1lvaro\u201c (<a href=\"#bus-madrid\">Busbahnhof Estaci\u00f3n Sur<\/a>) zu gelangen. <\/li>\n\n\n\n<li>Die Fahrkarte zwischen dem Flughafen und dem Zentrum von Madrid kostet 2,60 \u20ac.<\/li>\n<\/ul>\n<\/li>\n\n\n\n<li><strong>U-Bahn<\/strong>: Sie m\u00fcssen eine Karte f\u00fcr die \u00f6ffentlichen Verkehrsmittel kaufen (z. B. die Multicard, Preis 2,50 \u20ac) und diese f\u00fcr das gew\u00fcnschte Ziel aufladen (1,50-2,50 \u20ac). Sie ist an den Ticketautomaten erh\u00e4ltlich. Wenn Sie die U-Bahn von der Haltestelle am Flughafen nehmen, m\u00fcssen Sie einen Flughafenzuschlag (3 \u20ac) bezahlen.\n<ul class=\"wp-block-list\">\n<li>Zum <a href=\"#tren-madrid\">Bahnhof<\/a> Chamart\u00edn kann man ebenfalls die Linie 8 nehmen. Man muss allerdings in \u201eNuevos Ministerios\u201c umsteigen, um mit der Linie 10 zum Bahnhof zu gelangen (Richtung Endhaltestelle: Tres Olivos). Die Fahrzeit liegt bei ca. 35 Minuten.<\/li>\n\n\n\n<li>Zum <a href=\"#tren-madrid\">Bahnhof<\/a> Pr\u00edncipe P\u00edo kann man ebenfalls die Linie 8 nehmen. In \u201eNuevos Ministerios\u201c muss man in die Linie 10 umsteigen, um zum Bahnhof zu gelangen (Richtung Endhaltestelle: Puerta del Sur). Die Fahrzeit liegt bei ca. 40 Minuten.<\/li>\n\n\n\n<li>Zum Busbahnhof <a href=\"#bus-madrid\">Estaci\u00f3n Sur<\/a> steigen Sie in die Linie 6 (Ringlinie); Ausstieg: Haltestelle \u201eM\u00e9ndez \u00c1lvaro\u201c.<\/li>\n\n\n\n<li><a href=\"http:\/\/www.metromadrid.es\/es\/viaja_en_metro\/red_de_metro\/planos\/index.html\" target=\"_blank\" rel=\"noreferrer noopener\">U-Bahn Netzplan Madrid<\/a>.<\/li>\n<\/ul>\n<\/li>\n<\/ul>\n\n\n\n<h4 class=\"wp-block-heading\">Flughafen Valladolid<\/h4>\n\n\n\n<p class=\"wp-block-paragraph\">Salamanca befindet sich 115 km s\u00fcd\u00f6stlich von Valladolid. Es gibt regelm\u00e4\u00dfige <a href=\"http:\/\/tren-valladolid\">Bahn-<\/a> und <a href=\"http:\/\/bus-valladolid\">Busverbindungen<\/a>. <\/p>\n\n\n\n<p class=\"wp-block-paragraph\">Der Flughafen Valladolid (Villanubla) liegt 11 km au\u00dferhalb des Stadtzentrums. Am besten kommt man mit dem Taxi ins Zentrum, die Fahrzeit liegt bei ca. 15 Minuten und die Kosten betragen ca. 15 \u20ac.<\/p>\n\n\n\n<p class=\"wp-block-paragraph\">Es besteht auch die M\u00f6glichkeit, den Bus zu nehmen, der etwa alle 90 Minuten f\u00e4hrt. Es gibt verschiedene Linien, die Kosten betragen ca. 3 \u20ac und die Fahrzeit liegt bei 30 Minuten. Genauere Ausk\u00fcnfte unter der Service-Nummer: <a href=\"tel:+34 983230033\">+34 983230033<\/a> bzw. auf der <a href=\"https:\/\/www.aena.es\/es\/valladolid\/como-llegar\/autobus.html\" target=\"_blank\" rel=\"noreferrer noopener\">Website von AENA<\/a>.<\/p>\n\n\n\n<p class=\"wp-block-paragraph\">Die Haltestellen f\u00fcr Bus und Bahn befinden sich nebeneinander.<\/p>\n\n\n\n<hr class=\"wp-block-separator has-alpha-channel-opacity is-style-wide\"\/>\n\n\n\n<h3 class=\"wp-block-heading\" id=\"tren\">Mit dem Zug<\/h3>\n\n\n\n<p class=\"wp-block-paragraph\">Aktuelle Informationen zu Fahrpl\u00e4nen und Preisen finden Sie auf der <a href=\"http:\/\/www.renfe.es\" target=\"_blank\" rel=\"noreferrer noopener\">RENFE-Website<\/a>.<\/p>\n\n\n\n<h4 class=\"wp-block-heading\" id=\"tren-madrid\">Madrid-Salamanca<\/h4>\n\n\n\n<ul class=\"wp-block-list\">\n<li>Die Z\u00fcge fahren vom und zum <a href=\"https:\/\/www.adif.es\/w\/17000-madrid-chamart%C3%ADn\">Bahnhof Chamart\u00edn-Clara Campoamor<\/a> (Telefon: +34 913 159 976) oder vom\/zum <a href=\"https:\/\/www.renfe.com\/es\/es\/cercanias\/cercanias-madrid\/rodajes\/estacion-principe-pio\">Bahnhof Pr\u00edncipe P\u00edo<\/a> (die Z\u00fcge f\u00fcr den letztgenannten Bahnhof werden in der Regel erst ein oder zwei Monate vor dem Reisedatum auf der Online-Plattform angeboten).<\/li>\n\n\n\n<li>Die Fahrzeit der Z\u00fcge ab <strong>Chamart\u00edn-Clara Campoamor<\/strong> betr\u00e4gt 1 Stunde 40 Minuten. Folgende <b>Fahrpl\u00e4ne<\/b> stehen zur Verf\u00fcgung:\n<ul class=\"wp-block-list\">\n<li>Madrid-Salamanca: 8:30, 15:50 und 20:47.<\/li>\n\n\n\n<li>Salamanca-Madrid: 6:25, 7:15, 15:30 y 16:08 und 18:20.<\/li>\n<\/ul>\n<\/li>\n\n\n\n<li>Die Fahrzeit der Z\u00fcge ab <strong>Pr\u00edncipe P\u00edo<\/strong> betr\u00e4gt ca. 2 Stunden 50 Minuten. Folgende <strong>Fahrpl\u00e4ne <\/strong>stehen zur Verf\u00fcgung:\n<ul class=\"wp-block-list\">\n<li>Madrid-Salamanca: 5:47, 7:35, 9:41, 12:28, 16:42 und 20:01.<\/li>\n\n\n\n<li>Salamanca-Madrid: 7:40, 11:10, 13:40, 15:25, 17:53, 19:37 und 21:10.<\/li>\n<\/ul>\n<\/li>\n<\/ul>\n\n\n\n<h4 class=\"wp-block-heading\" id=\"tren-valladolid\">Valladolid-Salamanca<\/h4>\n\n\n\n<ul class=\"wp-block-list\">\n<li><strong>Fahrplan<\/strong>:\n<ul class=\"wp-block-list\">\n<li>Valladolid-Salamanca: 7:35, 9:40, 14:19, 17:00, 18:45, 18:56 und 21:22.<\/li>\n\n\n\n<li>Salamanca-Valladolid: 6:00, 7:15, 12:28, 14:00, 16:08, 16:42 und 20:50.<\/li>\n<\/ul>\n<\/li>\n\n\n\n<li><strong>Fahrzeit<\/strong>: zwischen 1 Stunde und 1 Stunde 30 Minuten.<\/li>\n<\/ul>\n\n\n\n<h4 class=\"wp-block-heading\">Barcelona-Salamanca<\/h4>\n\n\n\n<ul class=\"wp-block-list\">\n<li>Sie k\u00f6nnen mit dem Zug von Barcelona nach Salamanca fahren und in <a href=\"#tren-madrid\">Madrid<\/a> umsteigen (Ankunft Madrid, Bahnhof Atocha, Weiterfahrt nach Chamart\u00edn-Clara Campoamor oder Pr\u00edncipe P\u00edo, mit einem im Preis inbegriffenen Cercan\u00edas-Ticket).<\/li>\n\n\n\n<li><strong>Fahrzeit <\/strong>insgesamt: zwischen 6 und 9 Stunden.<\/li>\n\n\n\n<li><strong>Fahrplan<\/strong>:\n<ul class=\"wp-block-list\">\n<li>Barcelona-Salamanca: 7:40, 9:00, 9:05, 11:00, 13:25, 15:25, 16:00 und 17:25.<\/li>\n\n\n\n<li>Salamanca-Barcelona: 5:47, 7:35, 8:10, 12:28 und 15:30.<\/li>\n<\/ul>\n<\/li>\n<\/ul>\n\n\n\n<h4 class=\"wp-block-heading\">M\u00e1laga-Sevilla-Salamanca<\/h4>\n\n\n\n<ul class=\"wp-block-list\">\n<li>Sie k\u00f6nnen mit dem Zug zwischen Sevilla bzw. M\u00e1laga und Salamanca reisen, indem Sie in <a href=\"#tren-madrid\">Madrid<\/a> umsteigen (Ankunft Madrid, Bahnhof Atocha, Weiterfahrt nach Chamart\u00edn-Clara Campoamor oder Pr\u00edncipe P\u00edo, mit einem im Preis inbegriffenen Nahverkehrs-Ticket).<\/li>\n\n\n\n<li><strong>Fahrzeit <\/strong>insgesamt: zwischen 5 Stunden 30 Minuten und 8 Stunden.<\/li>\n<\/ul>\n\n\n\n<h4 class=\"wp-block-heading\">Alicante-Salamanca<\/h4>\n\n\n\n<ul class=\"wp-block-list\">\n<li>Sie k\u00f6nnen mit dem Zug von Alicante nach Salamanca reisen, indem Sie in <a href=\"#tren-madrid\">Madrid<\/a> am Bahnhof Chamart\u00edn Clara Campoamor (mit einem im Preis inbegriffenen Nahverkehrs-Ticket) umsteigen oder in <a href=\"#tren-valladolid\">Valladolid<\/a> umsteigen.<\/li>\n\n\n\n<li><strong>Fahrzeit <\/strong>insgesamt: zwischen 4 Stunden 45 Minuten und 7 Stunden 30 Minuten.<\/li>\n<\/ul>\n\n\n\n<hr class=\"wp-block-separator has-alpha-channel-opacity is-style-wide\"\/>\n\n\n\n<h3 class=\"wp-block-heading\" id=\"bus\">Mit dem Bus<\/h3>\n\n\n\n<p class=\"wp-block-paragraph\">In Salamanca ist der Busbahnhof nur 10 Gehminuten vom Kongressgel\u00e4nde entfernt.<\/p>\n\n\n\n<h4 class=\"wp-block-heading\" id=\"bus-madrid\">Madrid-Salamanca<\/h4>\n\n\n\n<ul class=\"wp-block-list\">\n<li>Das Unternehmen, das diese Strecke bef\u00e4hrt, ist <a href=\"http:\/\/www.avanzabus.com\/web\/default.aspx\" target=\"_blank\" rel=\"noreferrer noopener\">Avanza Bus<\/a>.<\/li>\n\n\n\n<li>Es gibt eine <strong>direkte Busverbindung vom Flughafen Madrid<\/strong> nach Salamanca. Abfahrt der Zubringerbusse von Terminal 1 bzw. Terminal 4 des Flughafens Barajas.<\/li>\n\n\n\n<li>Dar\u00fcber hinaus fahren st\u00fcndlich Busse vom Busbahnhof <strong><a href=\"http:\/\/www.estaciondeautobuses.com\/frameset.html\" target=\"_blank\" rel=\"noreferrer noopener\">Estaci\u00f3n Sur (M\u00e9ndez \u00c1lvaro) in Madrid<\/a><\/strong> nach Salamanca.<\/li>\n\n\n\n<li>Sie k\u00f6nnen die Fahrkarten im Bus kaufen, aber um sicherzugehen, dass Sie einen Sitzplatz bekommen, ist es ratsam, sie im Voraus auf der Website des Unternehmens zu kaufen. Die Fahrkarten werden in der Regel erst ein paar Monate vor dem Reisedatum auf der Online-Plattform angeboten).<\/li>\n<\/ul>\n\n\n\n<h4 class=\"wp-block-heading\" id=\"bus-valladolid\">Valladolid-Salamanca<\/h4>\n\n\n\n<ul class=\"wp-block-list\">\n<li>Das Unternehmen, das diese Strecke bef\u00e4hrt, ist <a href=\"http:\/\/www.avanzabus.com\/web\/default.aspx\" target=\"_blank\" rel=\"noreferrer noopener\">Avanza Bus<\/a>.<\/li>\n\n\n\n<li>Es f\u00e4hrt etwa alle zwei Stunden ein Bus.<\/li>\n\n\n\n<li><strong>Fahrzeit<\/strong>: 1 Stunde 30 Minuten.<\/li>\n<\/ul>\n\n\n\n<h4 class=\"wp-block-heading\">Barcelona-Salamanca<\/h4>\n\n\n\n<p class=\"wp-block-paragraph\">Es gibt einen <a href=\"https:\/\/www.alsa.es\/\">Alsa-Bus<\/a> von Barcelona nach Salamanca, der um 9:00 Uhr abf\u00e4hrt und um 21:30 Uhr ankommt (1 Mal umsteigen), aber derzeit gibt es keine Verbindung von Salamanca nach Barcelona.<\/p>\n\n\n\n<h4 class=\"wp-block-heading\">M\u00e1laga-Sevilla-Salamanca<\/h4>\n\n\n\n<ul class=\"wp-block-list\">\n<li>Das Unternehmen, das diese Strecke bef\u00e4hrt, ist <a href=\"https:\/\/www.alsa.es\/\">Alsa<\/a>.<\/li>\n\n\n\n<li><strong>Fahrplan<\/strong>:\n<ul class=\"wp-block-list\">\n<li>M\u00e1laga-Salamanca: 17:30.<\/li>\n\n\n\n<li>Sevilla-Salamanca: 8:00, 13:45, 19:00, 20:30.<\/li>\n\n\n\n<li>Salamanca-Sevilla-M\u00e1laga: 1:20.<\/li>\n\n\n\n<li>Salamanca-Sevilla: 10:00, 15:00, 23:50.<\/li>\n<\/ul>\n<\/li>\n\n\n\n<li><strong>Fahrzeit<\/strong>: zwischen 6 und 7 Stunden (Sevilla); 9 Stunden (M\u00e1laga).<\/li>\n<\/ul>\n\n\n\n<h4 class=\"wp-block-heading\">Lissabon-Salamanca<\/h4>\n\n\n\n<p class=\"wp-block-paragraph\">Mit <a href=\"https:\/\/www.flixbus.es\">Flixbus<\/a> dauert eine Fahrt von Lissabon nach Salamanca zwischen 8 und 10 Stunden, mit <a href=\"https:\/\/www.alsa.es\/\">Alsa<\/a> zwischen 7 und 14 Stunden.<\/p>\n\n\n\n<h4 class=\"wp-block-heading\">Porto-Salamanca<\/h4>\n\n\n\n<p class=\"wp-block-paragraph\">Mit <a href=\"https:\/\/www.flixbus.es\">Flixbus<\/a> dauert eine Fahrt von Porto nach Salamanca zwischen 5 und 7 Stunden, mit <a href=\"https:\/\/www.alsa.es\/\">Alsa<\/a> zwischen 5 und 10 Stunden.<\/p>\n\n","protected":false},"excerpt":{"rendered":"<p>per Flugzeug | per Bahn | per Bus Mit dem Flugzeug In der N\u00e4he von Salamanca befinden sich die Flugh\u00e4fen Valladolid (Villanubla) und Madrid (Adolfo Su\u00e1rez-Barajas). Andere Flugh\u00e4fen mit gr\u00f6\u00dferer Anreisezeit nach Salamanca sind: Barcelona, M\u00e1laga, Alicante-Elche, Porto (Portugal) und Lissabon (Portugal). Flughafen Madrid Salamanca befindet sich 210 km westlich von Madrid. Es gibt regelm\u00e4\u00dfige &hellip; <a href=\"https:\/\/traduccioneinterpretacion.org\/de\/kongress2024\/veranstaltungsort\/anfahrt\/\" class=\"more-link\"><span class=\"screen-reader-text\">Anfahrt<\/span> weiterlesen<\/a><\/p>\n","protected":false},"author":53973552,"featured_media":0,"parent":6819,"menu_order":1,"comment_status":"closed","ping_status":"closed","template":"","meta":{"_coblocks_attr":"","_coblocks_dimensions":"","_coblocks_responsive_height":"","_coblocks_accordion_ie_support":"","_crdt_document":"","jetpack_post_was_ever_published":false,"footnotes":""},"categories":[730665916],"tags":[730665944],"class_list":["post-8443","page","type-page","status-publish","hentry","category-kongress2024","tag-kongress2024"],"yoast_head":"<!-- This site is optimized with the Yoast SEO plugin v27.3 - https:\/\/yoast.com\/product\/yoast-seo-wordpress\/ -->\n<title>Anfahrt zum 2. Internationalen Translationskongress<\/title>\n<meta name=\"description\" content=\"Hier finden Sie Transportm\u00f6glichkeiten um Salamanca von Madrid, Valladolid, Barcelona, Alicante, M\u00e1laga, Sevilla, Oporto oder Lisboa zu erreichen.\" \/>\n<meta name=\"robots\" content=\"index, follow, max-snippet:-1, max-image-preview:large, max-video-preview:-1\" \/>\n<link rel=\"canonical\" href=\"https:\/\/traduccioneinterpretacion.org\/de\/kongress2024\/veranstaltungsort\/anfahrt\/\" \/>\n<meta property=\"og:locale\" content=\"de_DE\" \/>\n<meta property=\"og:type\" content=\"article\" \/>\n<meta property=\"og:title\" content=\"Anfahrt zum 2. Internationalen Translationskongress\" \/>\n<meta property=\"og:description\" content=\"Hier finden Sie Transportm\u00f6glichkeiten um Salamanca von Madrid, Valladolid, Barcelona, Alicante, M\u00e1laga, Sevilla, Oporto oder Lisboa zu erreichen.\" \/>\n<meta property=\"og:url\" content=\"https:\/\/traduccioneinterpretacion.org\/de\/kongress2024\/veranstaltungsort\/anfahrt\/\" \/>\n<meta property=\"og:site_name\" content=\"Departamento de Traducci\u00f3n e Interpretaci\u00f3n\" \/>\n<meta property=\"article:publisher\" content=\"https:\/\/www.facebook.com\/people\/II-Congreso-Internacional-Traduccin-y-Sostenibilidad-Cultural\/61550194661647\/\" \/>\n<meta property=\"article:modified_time\" content=\"2024-03-07T10:39:54+00:00\" \/>\n<meta name=\"twitter:card\" content=\"summary_large_image\" \/>\n<meta name=\"twitter:site\" content=\"@congre_trad2024\" \/>\n<meta name=\"twitter:label1\" content=\"Gesch\u00e4tzte Lesezeit\" \/>\n\t<meta name=\"twitter:data1\" content=\"4\u00a0Minuten\" \/>\n<script type=\"application\/ld+json\" class=\"yoast-schema-graph\">{\"@context\":\"https:\\\/\\\/schema.org\",\"@graph\":[{\"@type\":\"WebPage\",\"@id\":\"https:\\\/\\\/traduccioneinterpretacion.org\\\/de\\\/kongress2024\\\/veranstaltungsort\\\/anfahrt\\\/\",\"url\":\"https:\\\/\\\/traduccioneinterpretacion.org\\\/de\\\/kongress2024\\\/veranstaltungsort\\\/anfahrt\\\/\",\"name\":\"Anfahrt zum 2. Internationalen Translationskongress\",\"isPartOf\":{\"@id\":\"https:\\\/\\\/traduccioneinterpretacion.org\\\/de\\\/#website\"},\"datePublished\":\"2024-02-08T12:31:09+00:00\",\"dateModified\":\"2024-03-07T10:39:54+00:00\",\"description\":\"Hier finden Sie Transportm\u00f6glichkeiten um Salamanca von Madrid, Valladolid, Barcelona, Alicante, M\u00e1laga, Sevilla, Oporto oder Lisboa zu erreichen.\",\"breadcrumb\":{\"@id\":\"https:\\\/\\\/traduccioneinterpretacion.org\\\/de\\\/kongress2024\\\/veranstaltungsort\\\/anfahrt\\\/#breadcrumb\"},\"inLanguage\":\"de\",\"potentialAction\":[{\"@type\":\"ReadAction\",\"target\":[\"https:\\\/\\\/traduccioneinterpretacion.org\\\/de\\\/kongress2024\\\/veranstaltungsort\\\/anfahrt\\\/\"]}]},{\"@type\":\"BreadcrumbList\",\"@id\":\"https:\\\/\\\/traduccioneinterpretacion.org\\\/de\\\/kongress2024\\\/veranstaltungsort\\\/anfahrt\\\/#breadcrumb\",\"itemListElement\":[{\"@type\":\"ListItem\",\"position\":1,\"name\":\"Willkommen\",\"item\":\"https:\\\/\\\/traduccioneinterpretacion.org\\\/de\\\/kongress2024\\\/\"},{\"@type\":\"ListItem\",\"position\":2,\"name\":\"Veranstaltungsort\",\"item\":\"https:\\\/\\\/traduccioneinterpretacion.org\\\/de\\\/kongress2024\\\/veranstaltungsort\\\/\"},{\"@type\":\"ListItem\",\"position\":3,\"name\":\"Anfahrt\"}]},{\"@type\":\"WebSite\",\"@id\":\"https:\\\/\\\/traduccioneinterpretacion.org\\\/de\\\/#website\",\"url\":\"https:\\\/\\\/traduccioneinterpretacion.org\\\/de\\\/\",\"name\":\"Departamento de Traducci\u00f3n e Interpretaci\u00f3n\",\"description\":\"Universidad de Salamanca\",\"publisher\":{\"@id\":\"https:\\\/\\\/traduccioneinterpretacion.org\\\/de\\\/#organization\"},\"potentialAction\":[{\"@type\":\"SearchAction\",\"target\":{\"@type\":\"EntryPoint\",\"urlTemplate\":\"https:\\\/\\\/traduccioneinterpretacion.org\\\/de\\\/?s={search_term_string}\"},\"query-input\":{\"@type\":\"PropertyValueSpecification\",\"valueRequired\":true,\"valueName\":\"search_term_string\"}}],\"inLanguage\":\"de\"},{\"@type\":\"Organization\",\"@id\":\"https:\\\/\\\/traduccioneinterpretacion.org\\\/de\\\/#organization\",\"name\":\"Departamento de Traducci\u00f3n e Interpretaci\u00f3n\",\"url\":\"https:\\\/\\\/traduccioneinterpretacion.org\\\/de\\\/\",\"logo\":{\"@type\":\"ImageObject\",\"inLanguage\":\"de\",\"@id\":\"https:\\\/\\\/traduccioneinterpretacion.org\\\/de\\\/#\\\/schema\\\/logo\\\/image\\\/\",\"url\":\"https:\\\/\\\/i0.wp.com\\\/traduccioneinterpretacion.org\\\/wp-content\\\/uploads\\\/2023\\\/05\\\/marca-UniversidadSalamanca-color_300x83.png?fit=300%2C83&ssl=1\",\"contentUrl\":\"https:\\\/\\\/i0.wp.com\\\/traduccioneinterpretacion.org\\\/wp-content\\\/uploads\\\/2023\\\/05\\\/marca-UniversidadSalamanca-color_300x83.png?fit=300%2C83&ssl=1\",\"width\":300,\"height\":83,\"caption\":\"Departamento de Traducci\u00f3n e Interpretaci\u00f3n\"},\"image\":{\"@id\":\"https:\\\/\\\/traduccioneinterpretacion.org\\\/de\\\/#\\\/schema\\\/logo\\\/image\\\/\"},\"sameAs\":[\"https:\\\/\\\/www.facebook.com\\\/people\\\/II-Congreso-Internacional-Traduccin-y-Sostenibilidad-Cultural\\\/61550194661647\\\/\",\"https:\\\/\\\/x.com\\\/congre_trad2024\",\"https:\\\/\\\/mastodon.social\\\/@congre_trad2024\",\"https:\\\/\\\/twitter.com\\\/congre_trad2024\",\"https:\\\/\\\/www.instagram.com\\\/congre_trad2024\\\/\"]}]}<\/script>\n<!-- \/ Yoast SEO plugin. -->","yoast_head_json":{"title":"Anfahrt zum 2. Internationalen Translationskongress","description":"Hier finden Sie Transportm\u00f6glichkeiten um Salamanca von Madrid, Valladolid, Barcelona, Alicante, M\u00e1laga, Sevilla, Oporto oder Lisboa zu erreichen.","robots":{"index":"index","follow":"follow","max-snippet":"max-snippet:-1","max-image-preview":"max-image-preview:large","max-video-preview":"max-video-preview:-1"},"canonical":"https:\/\/traduccioneinterpretacion.org\/de\/kongress2024\/veranstaltungsort\/anfahrt\/","og_locale":"de_DE","og_type":"article","og_title":"Anfahrt zum 2. Internationalen Translationskongress","og_description":"Hier finden Sie Transportm\u00f6glichkeiten um Salamanca von Madrid, Valladolid, Barcelona, Alicante, M\u00e1laga, Sevilla, Oporto oder Lisboa zu erreichen.","og_url":"https:\/\/traduccioneinterpretacion.org\/de\/kongress2024\/veranstaltungsort\/anfahrt\/","og_site_name":"Departamento de Traducci\u00f3n e Interpretaci\u00f3n","article_publisher":"https:\/\/www.facebook.com\/people\/II-Congreso-Internacional-Traduccin-y-Sostenibilidad-Cultural\/61550194661647\/","article_modified_time":"2024-03-07T10:39:54+00:00","twitter_card":"summary_large_image","twitter_site":"@congre_trad2024","twitter_misc":{"Gesch\u00e4tzte Lesezeit":"4\u00a0Minuten"},"schema":{"@context":"https:\/\/schema.org","@graph":[{"@type":"WebPage","@id":"https:\/\/traduccioneinterpretacion.org\/de\/kongress2024\/veranstaltungsort\/anfahrt\/","url":"https:\/\/traduccioneinterpretacion.org\/de\/kongress2024\/veranstaltungsort\/anfahrt\/","name":"Anfahrt zum 2. Internationalen Translationskongress","isPartOf":{"@id":"https:\/\/traduccioneinterpretacion.org\/de\/#website"},"datePublished":"2024-02-08T12:31:09+00:00","dateModified":"2024-03-07T10:39:54+00:00","description":"Hier finden Sie Transportm\u00f6glichkeiten um Salamanca von Madrid, Valladolid, Barcelona, Alicante, M\u00e1laga, Sevilla, Oporto oder Lisboa zu erreichen.","breadcrumb":{"@id":"https:\/\/traduccioneinterpretacion.org\/de\/kongress2024\/veranstaltungsort\/anfahrt\/#breadcrumb"},"inLanguage":"de","potentialAction":[{"@type":"ReadAction","target":["https:\/\/traduccioneinterpretacion.org\/de\/kongress2024\/veranstaltungsort\/anfahrt\/"]}]},{"@type":"BreadcrumbList","@id":"https:\/\/traduccioneinterpretacion.org\/de\/kongress2024\/veranstaltungsort\/anfahrt\/#breadcrumb","itemListElement":[{"@type":"ListItem","position":1,"name":"Willkommen","item":"https:\/\/traduccioneinterpretacion.org\/de\/kongress2024\/"},{"@type":"ListItem","position":2,"name":"Veranstaltungsort","item":"https:\/\/traduccioneinterpretacion.org\/de\/kongress2024\/veranstaltungsort\/"},{"@type":"ListItem","position":3,"name":"Anfahrt"}]},{"@type":"WebSite","@id":"https:\/\/traduccioneinterpretacion.org\/de\/#website","url":"https:\/\/traduccioneinterpretacion.org\/de\/","name":"Departamento de Traducci\u00f3n e Interpretaci\u00f3n","description":"Universidad de Salamanca","publisher":{"@id":"https:\/\/traduccioneinterpretacion.org\/de\/#organization"},"potentialAction":[{"@type":"SearchAction","target":{"@type":"EntryPoint","urlTemplate":"https:\/\/traduccioneinterpretacion.org\/de\/?s={search_term_string}"},"query-input":{"@type":"PropertyValueSpecification","valueRequired":true,"valueName":"search_term_string"}}],"inLanguage":"de"},{"@type":"Organization","@id":"https:\/\/traduccioneinterpretacion.org\/de\/#organization","name":"Departamento de Traducci\u00f3n e Interpretaci\u00f3n","url":"https:\/\/traduccioneinterpretacion.org\/de\/","logo":{"@type":"ImageObject","inLanguage":"de","@id":"https:\/\/traduccioneinterpretacion.org\/de\/#\/schema\/logo\/image\/","url":"https:\/\/i0.wp.com\/traduccioneinterpretacion.org\/wp-content\/uploads\/2023\/05\/marca-UniversidadSalamanca-color_300x83.png?fit=300%2C83&ssl=1","contentUrl":"https:\/\/i0.wp.com\/traduccioneinterpretacion.org\/wp-content\/uploads\/2023\/05\/marca-UniversidadSalamanca-color_300x83.png?fit=300%2C83&ssl=1","width":300,"height":83,"caption":"Departamento de Traducci\u00f3n e Interpretaci\u00f3n"},"image":{"@id":"https:\/\/traduccioneinterpretacion.org\/de\/#\/schema\/logo\/image\/"},"sameAs":["https:\/\/www.facebook.com\/people\/II-Congreso-Internacional-Traduccin-y-Sostenibilidad-Cultural\/61550194661647\/","https:\/\/x.com\/congre_trad2024","https:\/\/mastodon.social\/@congre_trad2024","https:\/\/twitter.com\/congre_trad2024","https:\/\/www.instagram.com\/congre_trad2024\/"]}]}},"jetpack_likes_enabled":false,"jetpack_sharing_enabled":true,"jetpack_shortlink":"https:\/\/wp.me\/P9gG16-2cb","jetpack-related-posts":[],"_links":{"self":[{"href":"https:\/\/traduccioneinterpretacion.org\/de\/wp-json\/wp\/v2\/pages\/8443","targetHints":{"allow":["GET"]}}],"collection":[{"href":"https:\/\/traduccioneinterpretacion.org\/de\/wp-json\/wp\/v2\/pages"}],"about":[{"href":"https:\/\/traduccioneinterpretacion.org\/de\/wp-json\/wp\/v2\/types\/page"}],"author":[{"embeddable":true,"href":"https:\/\/traduccioneinterpretacion.org\/de\/wp-json\/wp\/v2\/users\/53973552"}],"replies":[{"embeddable":true,"href":"https:\/\/traduccioneinterpretacion.org\/de\/wp-json\/wp\/v2\/comments?post=8443"}],"version-history":[{"count":5,"href":"https:\/\/traduccioneinterpretacion.org\/de\/wp-json\/wp\/v2\/pages\/8443\/revisions"}],"predecessor-version":[{"id":9311,"href":"https:\/\/traduccioneinterpretacion.org\/de\/wp-json\/wp\/v2\/pages\/8443\/revisions\/9311"}],"up":[{"embeddable":true,"href":"https:\/\/traduccioneinterpretacion.org\/de\/wp-json\/wp\/v2\/pages\/6819"}],"wp:attachment":[{"href":"https:\/\/traduccioneinterpretacion.org\/de\/wp-json\/wp\/v2\/media?parent=8443"}],"wp:term":[{"taxonomy":"category","embeddable":true,"href":"https:\/\/traduccioneinterpretacion.org\/de\/wp-json\/wp\/v2\/categories?post=8443"},{"taxonomy":"post_tag","embeddable":true,"href":"https:\/\/traduccioneinterpretacion.org\/de\/wp-json\/wp\/v2\/tags?post=8443"}],"curies":[{"name":"wp","href":"https:\/\/api.w.org\/{rel}","templated":true}]}}