{"id":7225,"date":"2023-12-08T12:54:54","date_gmt":"2023-12-08T11:54:54","guid":{"rendered":"https:\/\/traduccioneinterpretacion.org\/unterkunft\/"},"modified":"2024-01-15T19:48:06","modified_gmt":"2024-01-15T18:48:06","slug":"unterkunft","status":"publish","type":"page","link":"https:\/\/traduccioneinterpretacion.org\/de\/kongress2024\/veranstaltungsort\/unterkunft\/","title":{"rendered":"Unterkunft"},"content":{"rendered":"<div aria-label=\"Rastro de migas\" role=\"navigation\" class=\"yoast-breadcrumbs\"><span><span><a href=\"https:\/\/traduccioneinterpretacion.org\/de\/kongress2024\/\">Willkommen<\/a><\/span> \u00bb <span><a href=\"https:\/\/traduccioneinterpretacion.org\/de\/kongress2024\/veranstaltungsort\/\">Veranstaltungsort<\/a><\/span> \u00bb <span class=\"breadcrumb_last\" aria-current=\"page\"><strong>Unterkunft<\/strong><\/span><\/span><\/div>\n\n\n<p class=\"wp-block-paragraph\">Mit den folgenden Hotels in Salamanca wurden Unterk\u00fcnfte zu Sonderpreisen vereinbart. Die angegebenen Preise verstehen sich inklusive Mehrwertsteuer.<\/p>\n\n\n\n<p class=\"wp-block-paragraph\">Die Verf\u00fcgbarkeit von Zimmern ist beschr\u00e4nkt. Daher empfehlen wir Ihnen, so schnell wie m\u00f6glich zu buchen. Bitte weisen Sie sich unbedingt bereits bei der Reservierung als Kongressteilnehmer aus.<\/p>\n\n\n\n<h2 class=\"wp-block-heading\">Gran Hotel Corona Sol<\/h2>\n\n\n\n<ul class=\"wp-block-list\">\n<li><strong>Promotion Code<\/strong>: CITS2024.<\/li>\n\n\n\n<li>8% Rabatt auf den in der Website angegebenen Preis.<\/li>\n\n\n\n<li><a href=\"https:\/\/www.gran-hotelcoronasol.es\/en\/\"><strong>Website <\/strong>Gran Hotel Corona Sol<\/a>.<\/li>\n<\/ul>\n\n\n\n<h2 class=\"wp-block-heading\">Hotel Abba Fonseca<\/h2>\n\n\n\n<ul class=\"wp-block-list\">\n<li><strong>Promotion Code<\/strong>: CONGTRAD.<\/li>\n\n\n\n<li>Doppelzimmer zur Einzelnutzung: 100&nbsp;\u20ac.<\/li>\n\n\n\n<li>Doppelzimmer: 113&nbsp;\u20ac.<\/li>\n\n\n\n<li><a href=\"https:\/\/www.abbahoteles.com\/de\/destinationen\/abba-fonseca-hotel\/hotel.html\"><strong>Website<\/strong> Hotel Abba Fonseca<\/a>.<\/li>\n\n\n\n<li>Telefon: <a href=\"tel:0034923011010\">+34 923 01 10 10<\/a>.<\/li>\n\n\n\n<li>E-Mail: <a href=\"mailto:fonseca@abbahoteles.com\">fonseca@abbahoteles.com<\/a>.<\/li>\n<\/ul>\n\n\n\n<h2 class=\"wp-block-heading\">Hotel Silken Rona D&#8217;Alba<\/h2>\n\n\n\n<ul class=\"wp-block-list\">\n<li><strong>Promotion Code<\/strong>: Congreso de traducci\u00f3n.<\/li>\n\n\n\n<li>Doppelzimmer zur Einzelnutzung: 75&nbsp;\u20ac.<\/li>\n\n\n\n<li>Doppelzimmer: 85&nbsp;\u20ac.<\/li>\n\n\n\n<li><a href=\"https:\/\/www.hoteles-silken.com\/de\/hotel-rona-dalba-salamanca\/\"><strong>Website <\/strong> Hotel Silken Rona D&#8217;Alba<\/a>.<\/li>\n\n\n\n<li>Telefon: <a href=\"tel:0034923263232\">+34 923 26 32 32<\/a>.<\/li>\n\n\n\n<li>E-Mail: <a href=\"mailto:direccion.ronadalba@hoteles-silken.com\">direccion.ronadalba@hoteles-silken.com<\/a>.<\/li>\n<\/ul>\n\n\n\n<h2 class=\"wp-block-heading\">Hotel Hall88<\/h2>\n\n\n\n<ul class=\"wp-block-list\">\n<li><strong><strong>Promotion Code<\/strong><\/strong>: TRADUCCI\u00d3N.<\/li>\n\n\n\n<li>Einzelzimmer: 65&nbsp;\u20ac.<\/li>\n\n\n\n<li>Doppelzimmer: 80&nbsp;\u20ac.<\/li>\n\n\n\n<li>Dreibettzimmer: 108&nbsp;\u20ac.<\/li>\n\n\n\n<li>Mineralwasser inklusive.<\/li>\n\n\n\n<li>Zus\u00e4tzliches Mittagessen\/Abendessen: 15\u00a0\u20ac.<\/li>\n\n\n\n<li><a href=\"https:\/\/hall88.zenithoteles.com\"><strong>Website<\/strong> Hotel Hall88<\/a>.<\/li>\n\n\n\n<li>Telefon: <a href=\"tel:0034923280188\">+34 923 28 01 88<\/a>.<\/li>\n\n\n\n<li>E-Mail: <a href=\"mailto:reservas@aparthotelhall88.com\">reservas@aparthotelhall88.com<\/a>.<\/li>\n<\/ul>\n\n\n\n<h2 class=\"wp-block-heading\">Colegio Arzobispo Fonseca<\/h2>\n\n\n\n<ul class=\"wp-block-list\">\n<li><strong>Promotion Code<\/strong>: Congreso de traducci\u00f3n.<\/li>\n\n\n\n<li>Doppelzimmer zur Einzelnutzung: 60&nbsp;\u20ac.<\/li>\n\n\n\n<li>Doppelzimmer: 80&nbsp;\u20ac.<\/li>\n\n\n\n<li><a href=\"https:\/\/colegiofonseca.usal.es\/\"><strong>Website <\/strong>Colegio Arzobispo Fonseca<\/a>.<\/li>\n\n\n\n<li>Telefon: <a href=\"tel:0034923294599\">+34 923 29 45 99<\/a>.<\/li>\n\n\n\n<li>E-Mail: <a href=\"mailto:fonseca@usal.es\">fonseca@usal.es<\/a>.<\/li>\n<\/ul>\n\n\n\n<h2 class=\"wp-block-heading\">Residencia Universitaria Hern\u00e1n Cort\u00e9s<\/h2>\n\n\n\n<ul class=\"wp-block-list\">\n<li><strong>Promotion Code<\/strong>: TRADUCCION2024.<\/li>\n\n\n\n<li>10% Rabatt auf den in der Website angegebenen Preis.<\/li>\n\n\n\n<li><a href=\"https:\/\/www.resainn.com\/accommodation\/salamanca\/colegio-mayor-hernan-cortes-residence-hall\/\"><strong>Website<\/strong> Residencia Universitaria Hern\u00e1n Cort\u00e9s<\/a>.<\/li>\n<\/ul>\n\n\n\n<h2 class=\"wp-block-heading\">Residencia Universitaria Colegio de Cuenca<\/h2>\n\n\n\n<ul class=\"wp-block-list\">\n<li><strong>Promotion Code<\/strong>: TRADUCCION2024.<\/li>\n\n\n\n<li>10% Rabatt auf den in der Website angegebenen Preis.<\/li>\n\n\n\n<li><a href=\"https:\/\/www.resainn.com\/accommodation\/salamanca\/colegio-de-cuenca-residence-hall\/\"><strong>Website <\/strong>Residencia Universitaria Colegio de Cuenca<\/a>.<\/li>\n<\/ul>\n","protected":false},"excerpt":{"rendered":"<p>Mit den folgenden Hotels in Salamanca wurden Unterk\u00fcnfte zu Sonderpreisen vereinbart. Die angegebenen Preise verstehen sich inklusive Mehrwertsteuer. Die Verf\u00fcgbarkeit von Zimmern ist beschr\u00e4nkt. Daher empfehlen wir Ihnen, so schnell wie m\u00f6glich zu buchen. Bitte weisen Sie sich unbedingt bereits bei der Reservierung als Kongressteilnehmer aus. Gran Hotel Corona Sol Hotel Abba Fonseca Hotel Silken &hellip; <a href=\"https:\/\/traduccioneinterpretacion.org\/de\/kongress2024\/veranstaltungsort\/unterkunft\/\" class=\"more-link\"><span class=\"screen-reader-text\">Unterkunft<\/span> weiterlesen<\/a><\/p>\n","protected":false},"author":53973552,"featured_media":0,"parent":6819,"menu_order":0,"comment_status":"closed","ping_status":"closed","template":"","meta":{"_coblocks_attr":"","_coblocks_dimensions":"","_coblocks_responsive_height":"","_coblocks_accordion_ie_support":"","_crdt_document":"","jetpack_post_was_ever_published":false,"footnotes":""},"categories":[730665916],"tags":[730665944],"class_list":["post-7225","page","type-page","status-publish","hentry","category-kongress2024","tag-kongress2024"],"yoast_head":"<!-- This site is optimized with the Yoast SEO plugin v27.3 - https:\/\/yoast.com\/product\/yoast-seo-wordpress\/ -->\n<title>Unterkunft - Departamento de Traducci\u00f3n e Interpretaci\u00f3n<\/title>\n<meta name=\"robots\" content=\"index, follow, max-snippet:-1, max-image-preview:large, max-video-preview:-1\" \/>\n<link rel=\"canonical\" href=\"https:\/\/traduccioneinterpretacion.org\/de\/kongress2024\/veranstaltungsort\/unterkunft\/\" \/>\n<meta property=\"og:locale\" content=\"de_DE\" \/>\n<meta property=\"og:type\" content=\"article\" \/>\n<meta property=\"og:title\" content=\"Unterkunft - Departamento de Traducci\u00f3n e Interpretaci\u00f3n\" \/>\n<meta property=\"og:description\" content=\"Mit den folgenden Hotels in Salamanca wurden Unterk\u00fcnfte zu Sonderpreisen vereinbart. Die angegebenen Preise verstehen sich inklusive Mehrwertsteuer. Die Verf\u00fcgbarkeit von Zimmern ist beschr\u00e4nkt. Daher empfehlen wir Ihnen, so schnell wie m\u00f6glich zu buchen. Bitte weisen Sie sich unbedingt bereits bei der Reservierung als Kongressteilnehmer aus. Gran Hotel Corona Sol Hotel Abba Fonseca Hotel Silken &hellip; Unterkunft weiterlesen\" \/>\n<meta property=\"og:url\" content=\"https:\/\/traduccioneinterpretacion.org\/de\/kongress2024\/veranstaltungsort\/unterkunft\/\" \/>\n<meta property=\"og:site_name\" content=\"Departamento de Traducci\u00f3n e Interpretaci\u00f3n\" \/>\n<meta property=\"article:publisher\" content=\"https:\/\/www.facebook.com\/people\/II-Congreso-Internacional-Traduccin-y-Sostenibilidad-Cultural\/61550194661647\/\" \/>\n<meta property=\"article:modified_time\" content=\"2024-01-15T18:48:06+00:00\" \/>\n<meta name=\"twitter:card\" content=\"summary_large_image\" \/>\n<meta name=\"twitter:site\" content=\"@congre_trad2024\" \/>\n<meta name=\"twitter:label1\" content=\"Gesch\u00e4tzte Lesezeit\" \/>\n\t<meta name=\"twitter:data1\" content=\"2\u00a0Minuten\" \/>\n<script type=\"application\/ld+json\" class=\"yoast-schema-graph\">{\"@context\":\"https:\\\/\\\/schema.org\",\"@graph\":[{\"@type\":\"WebPage\",\"@id\":\"https:\\\/\\\/traduccioneinterpretacion.org\\\/de\\\/kongress2024\\\/veranstaltungsort\\\/unterkunft\\\/\",\"url\":\"https:\\\/\\\/traduccioneinterpretacion.org\\\/de\\\/kongress2024\\\/veranstaltungsort\\\/unterkunft\\\/\",\"name\":\"Unterkunft - Departamento de Traducci\u00f3n e Interpretaci\u00f3n\",\"isPartOf\":{\"@id\":\"https:\\\/\\\/traduccioneinterpretacion.org\\\/de\\\/#website\"},\"datePublished\":\"2023-12-08T11:54:54+00:00\",\"dateModified\":\"2024-01-15T18:48:06+00:00\",\"breadcrumb\":{\"@id\":\"https:\\\/\\\/traduccioneinterpretacion.org\\\/de\\\/kongress2024\\\/veranstaltungsort\\\/unterkunft\\\/#breadcrumb\"},\"inLanguage\":\"de\",\"potentialAction\":[{\"@type\":\"ReadAction\",\"target\":[\"https:\\\/\\\/traduccioneinterpretacion.org\\\/de\\\/kongress2024\\\/veranstaltungsort\\\/unterkunft\\\/\"]}]},{\"@type\":\"BreadcrumbList\",\"@id\":\"https:\\\/\\\/traduccioneinterpretacion.org\\\/de\\\/kongress2024\\\/veranstaltungsort\\\/unterkunft\\\/#breadcrumb\",\"itemListElement\":[{\"@type\":\"ListItem\",\"position\":1,\"name\":\"Willkommen\",\"item\":\"https:\\\/\\\/traduccioneinterpretacion.org\\\/de\\\/kongress2024\\\/\"},{\"@type\":\"ListItem\",\"position\":2,\"name\":\"Veranstaltungsort\",\"item\":\"https:\\\/\\\/traduccioneinterpretacion.org\\\/de\\\/kongress2024\\\/veranstaltungsort\\\/\"},{\"@type\":\"ListItem\",\"position\":3,\"name\":\"Unterkunft\"}]},{\"@type\":\"WebSite\",\"@id\":\"https:\\\/\\\/traduccioneinterpretacion.org\\\/de\\\/#website\",\"url\":\"https:\\\/\\\/traduccioneinterpretacion.org\\\/de\\\/\",\"name\":\"Departamento de Traducci\u00f3n e Interpretaci\u00f3n\",\"description\":\"Universidad de Salamanca\",\"publisher\":{\"@id\":\"https:\\\/\\\/traduccioneinterpretacion.org\\\/de\\\/#organization\"},\"potentialAction\":[{\"@type\":\"SearchAction\",\"target\":{\"@type\":\"EntryPoint\",\"urlTemplate\":\"https:\\\/\\\/traduccioneinterpretacion.org\\\/de\\\/?s={search_term_string}\"},\"query-input\":{\"@type\":\"PropertyValueSpecification\",\"valueRequired\":true,\"valueName\":\"search_term_string\"}}],\"inLanguage\":\"de\"},{\"@type\":\"Organization\",\"@id\":\"https:\\\/\\\/traduccioneinterpretacion.org\\\/de\\\/#organization\",\"name\":\"Departamento de Traducci\u00f3n e Interpretaci\u00f3n\",\"url\":\"https:\\\/\\\/traduccioneinterpretacion.org\\\/de\\\/\",\"logo\":{\"@type\":\"ImageObject\",\"inLanguage\":\"de\",\"@id\":\"https:\\\/\\\/traduccioneinterpretacion.org\\\/de\\\/#\\\/schema\\\/logo\\\/image\\\/\",\"url\":\"https:\\\/\\\/i0.wp.com\\\/traduccioneinterpretacion.org\\\/wp-content\\\/uploads\\\/2023\\\/05\\\/marca-UniversidadSalamanca-color_300x83.png?fit=300%2C83&ssl=1\",\"contentUrl\":\"https:\\\/\\\/i0.wp.com\\\/traduccioneinterpretacion.org\\\/wp-content\\\/uploads\\\/2023\\\/05\\\/marca-UniversidadSalamanca-color_300x83.png?fit=300%2C83&ssl=1\",\"width\":300,\"height\":83,\"caption\":\"Departamento de Traducci\u00f3n e Interpretaci\u00f3n\"},\"image\":{\"@id\":\"https:\\\/\\\/traduccioneinterpretacion.org\\\/de\\\/#\\\/schema\\\/logo\\\/image\\\/\"},\"sameAs\":[\"https:\\\/\\\/www.facebook.com\\\/people\\\/II-Congreso-Internacional-Traduccin-y-Sostenibilidad-Cultural\\\/61550194661647\\\/\",\"https:\\\/\\\/x.com\\\/congre_trad2024\",\"https:\\\/\\\/mastodon.social\\\/@congre_trad2024\",\"https:\\\/\\\/twitter.com\\\/congre_trad2024\",\"https:\\\/\\\/www.instagram.com\\\/congre_trad2024\\\/\"]}]}<\/script>\n<!-- \/ Yoast SEO plugin. -->","yoast_head_json":{"title":"Unterkunft - Departamento de Traducci\u00f3n e Interpretaci\u00f3n","robots":{"index":"index","follow":"follow","max-snippet":"max-snippet:-1","max-image-preview":"max-image-preview:large","max-video-preview":"max-video-preview:-1"},"canonical":"https:\/\/traduccioneinterpretacion.org\/de\/kongress2024\/veranstaltungsort\/unterkunft\/","og_locale":"de_DE","og_type":"article","og_title":"Unterkunft - Departamento de Traducci\u00f3n e Interpretaci\u00f3n","og_description":"Mit den folgenden Hotels in Salamanca wurden Unterk\u00fcnfte zu Sonderpreisen vereinbart. Die angegebenen Preise verstehen sich inklusive Mehrwertsteuer. Die Verf\u00fcgbarkeit von Zimmern ist beschr\u00e4nkt. Daher empfehlen wir Ihnen, so schnell wie m\u00f6glich zu buchen. Bitte weisen Sie sich unbedingt bereits bei der Reservierung als Kongressteilnehmer aus. Gran Hotel Corona Sol Hotel Abba Fonseca Hotel Silken &hellip; Unterkunft weiterlesen","og_url":"https:\/\/traduccioneinterpretacion.org\/de\/kongress2024\/veranstaltungsort\/unterkunft\/","og_site_name":"Departamento de Traducci\u00f3n e Interpretaci\u00f3n","article_publisher":"https:\/\/www.facebook.com\/people\/II-Congreso-Internacional-Traduccin-y-Sostenibilidad-Cultural\/61550194661647\/","article_modified_time":"2024-01-15T18:48:06+00:00","twitter_card":"summary_large_image","twitter_site":"@congre_trad2024","twitter_misc":{"Gesch\u00e4tzte Lesezeit":"2\u00a0Minuten"},"schema":{"@context":"https:\/\/schema.org","@graph":[{"@type":"WebPage","@id":"https:\/\/traduccioneinterpretacion.org\/de\/kongress2024\/veranstaltungsort\/unterkunft\/","url":"https:\/\/traduccioneinterpretacion.org\/de\/kongress2024\/veranstaltungsort\/unterkunft\/","name":"Unterkunft - Departamento de Traducci\u00f3n e Interpretaci\u00f3n","isPartOf":{"@id":"https:\/\/traduccioneinterpretacion.org\/de\/#website"},"datePublished":"2023-12-08T11:54:54+00:00","dateModified":"2024-01-15T18:48:06+00:00","breadcrumb":{"@id":"https:\/\/traduccioneinterpretacion.org\/de\/kongress2024\/veranstaltungsort\/unterkunft\/#breadcrumb"},"inLanguage":"de","potentialAction":[{"@type":"ReadAction","target":["https:\/\/traduccioneinterpretacion.org\/de\/kongress2024\/veranstaltungsort\/unterkunft\/"]}]},{"@type":"BreadcrumbList","@id":"https:\/\/traduccioneinterpretacion.org\/de\/kongress2024\/veranstaltungsort\/unterkunft\/#breadcrumb","itemListElement":[{"@type":"ListItem","position":1,"name":"Willkommen","item":"https:\/\/traduccioneinterpretacion.org\/de\/kongress2024\/"},{"@type":"ListItem","position":2,"name":"Veranstaltungsort","item":"https:\/\/traduccioneinterpretacion.org\/de\/kongress2024\/veranstaltungsort\/"},{"@type":"ListItem","position":3,"name":"Unterkunft"}]},{"@type":"WebSite","@id":"https:\/\/traduccioneinterpretacion.org\/de\/#website","url":"https:\/\/traduccioneinterpretacion.org\/de\/","name":"Departamento de Traducci\u00f3n e Interpretaci\u00f3n","description":"Universidad de Salamanca","publisher":{"@id":"https:\/\/traduccioneinterpretacion.org\/de\/#organization"},"potentialAction":[{"@type":"SearchAction","target":{"@type":"EntryPoint","urlTemplate":"https:\/\/traduccioneinterpretacion.org\/de\/?s={search_term_string}"},"query-input":{"@type":"PropertyValueSpecification","valueRequired":true,"valueName":"search_term_string"}}],"inLanguage":"de"},{"@type":"Organization","@id":"https:\/\/traduccioneinterpretacion.org\/de\/#organization","name":"Departamento de Traducci\u00f3n e Interpretaci\u00f3n","url":"https:\/\/traduccioneinterpretacion.org\/de\/","logo":{"@type":"ImageObject","inLanguage":"de","@id":"https:\/\/traduccioneinterpretacion.org\/de\/#\/schema\/logo\/image\/","url":"https:\/\/i0.wp.com\/traduccioneinterpretacion.org\/wp-content\/uploads\/2023\/05\/marca-UniversidadSalamanca-color_300x83.png?fit=300%2C83&ssl=1","contentUrl":"https:\/\/i0.wp.com\/traduccioneinterpretacion.org\/wp-content\/uploads\/2023\/05\/marca-UniversidadSalamanca-color_300x83.png?fit=300%2C83&ssl=1","width":300,"height":83,"caption":"Departamento de Traducci\u00f3n e Interpretaci\u00f3n"},"image":{"@id":"https:\/\/traduccioneinterpretacion.org\/de\/#\/schema\/logo\/image\/"},"sameAs":["https:\/\/www.facebook.com\/people\/II-Congreso-Internacional-Traduccin-y-Sostenibilidad-Cultural\/61550194661647\/","https:\/\/x.com\/congre_trad2024","https:\/\/mastodon.social\/@congre_trad2024","https:\/\/twitter.com\/congre_trad2024","https:\/\/www.instagram.com\/congre_trad2024\/"]}]}},"jetpack_likes_enabled":false,"jetpack_sharing_enabled":true,"jetpack_shortlink":"https:\/\/wp.me\/P9gG16-1Sx","jetpack-related-posts":[],"_links":{"self":[{"href":"https:\/\/traduccioneinterpretacion.org\/de\/wp-json\/wp\/v2\/pages\/7225","targetHints":{"allow":["GET"]}}],"collection":[{"href":"https:\/\/traduccioneinterpretacion.org\/de\/wp-json\/wp\/v2\/pages"}],"about":[{"href":"https:\/\/traduccioneinterpretacion.org\/de\/wp-json\/wp\/v2\/types\/page"}],"author":[{"embeddable":true,"href":"https:\/\/traduccioneinterpretacion.org\/de\/wp-json\/wp\/v2\/users\/53973552"}],"replies":[{"embeddable":true,"href":"https:\/\/traduccioneinterpretacion.org\/de\/wp-json\/wp\/v2\/comments?post=7225"}],"version-history":[{"count":4,"href":"https:\/\/traduccioneinterpretacion.org\/de\/wp-json\/wp\/v2\/pages\/7225\/revisions"}],"predecessor-version":[{"id":7319,"href":"https:\/\/traduccioneinterpretacion.org\/de\/wp-json\/wp\/v2\/pages\/7225\/revisions\/7319"}],"up":[{"embeddable":true,"href":"https:\/\/traduccioneinterpretacion.org\/de\/wp-json\/wp\/v2\/pages\/6819"}],"wp:attachment":[{"href":"https:\/\/traduccioneinterpretacion.org\/de\/wp-json\/wp\/v2\/media?parent=7225"}],"wp:term":[{"taxonomy":"category","embeddable":true,"href":"https:\/\/traduccioneinterpretacion.org\/de\/wp-json\/wp\/v2\/categories?post=7225"},{"taxonomy":"post_tag","embeddable":true,"href":"https:\/\/traduccioneinterpretacion.org\/de\/wp-json\/wp\/v2\/tags?post=7225"}],"curies":[{"name":"wp","href":"https:\/\/api.w.org\/{rel}","templated":true}]}}